{"id":7786,"date":"2023-06-08T09:26:17","date_gmt":"2023-06-08T09:26:17","guid":{"rendered":"https:\/\/kompauto.com\/?post_type=product&#038;p=7786"},"modified":"2026-01-12T13:35:31","modified_gmt":"2026-01-12T13:35:31","slug":"baerbar-elvemater-2","status":"publish","type":"product","link":"https:\/\/kompauto.com\/no\/produkt\/baerbar-elvemater-2\/","title":{"rendered":"B\u00e6rbar flowm\u00e5ler LEAKCELL LCPD"},"content":{"rendered":"<h2>B\u00e6rbar str\u00f8mningsm\u00e5ler<\/h2>\n<p>LEAKCELL modell LCPD er en imponerende l\u00f8sning for b\u00e6rbar str\u00f8mningsm\u00e5ling, spesielt tilpasset for midlertidige installasjoner hvor presisjon og fleksibilitet er avgj\u00f8rende. Denne enheten, ved hjelp av TFX-5000 ultralydstr\u00f8mningsm\u00e5ler og en mobil sender, tilbyr kommuner og andre brukere en praktisk metode for \u00e5 oppdage og kartlegge lekkasjer i r\u00f8r og vannforsyningssystemer. Tilkoblingen til BEACON-nettportalen gj\u00f8r at data enkelt kan logges og overv\u00e5kes online, og gir sanntidsinnsikt. En av dens st\u00f8rste styrker er dens lange driftstid, spesielt med dens kraftige batteribank som kan holde systemet i gang i opptil 120 timer avhengig av datakommunikasjonsmetoden som brukes.<\/p>\n<p>I tillegg til lokal lesing av reell flyt og summering i det integrerte displayet, tilbys LEAKCELL LCPD i tre forskjellige versjoner for overf\u00f8ring av m\u00e5ledata, noe som gj\u00f8r den mye mer fleksibel avhengig av brukernes behov:<\/p>\n<p>&#8211; <strong>BEACON:<\/strong> Totalt forbruk av vann i forskjellige tidsintervaller (15 minutter, time, dag, uke, m\u00e5ned, \u00e5r) via BEACON-nettportalen. Dette systemet er ideelt for \u00e5 m\u00e5le og analysere vannforbruk over tid, for eksempel ved \u00e5 sammenligne nattforbruk med dagtidsforbruk for \u00e5 identifisere og mistenke lekkasjer i nettet.<\/p>\n<p>&#8211; <strong>El-Watch IoT:<\/strong> Sanntidsfeed via El-Watch IoT-sensor. Denne metoden brukes til \u00e5 overv\u00e5ke str\u00f8mflyten eksternt, enten via mobiltelefonen eller gjennom El-Watch sitt dashbord i nettleseren. Sanntidsdata kan ogs\u00e5 integreres med andre produkter og systemer via ferdige API-standarder fra El-Watch nettportal.<\/p>\n<p>&#8211; <strong>GSM-ruter:<\/strong> Sanntidsflow via GSM-ruter som kobles direkte til str\u00f8mningsm\u00e5leren og sender data videre til brukerens eget SCADA-system. Dette alternativet gir full integrasjon med eksisterende overv\u00e5kingssystemer og muliggj\u00f8r en s\u00f8ml\u00f8s, automatisert og enkel administrasjon av sanntidsflowdata.<\/p>\n<p>Med disse ulike alternativene kan LEAKCELL tilpasses ulike typer bruksomr\u00e5der, fra overv\u00e5king av vannforbruk med h\u00f8y n\u00f8yaktighet til rask deteksjon og rapportering av sanntidsflyt, noe som gj\u00f8r den sv\u00e6rt nyttig for b\u00e5de kommuner og private akt\u00f8rer. Kontakt oss hvis du har sp\u00f8rsm\u00e5l!<\/p>\n<p><a href=\"https:\/\/kompauto.com\/no\/lekkasjecelle\/\">Til LEAKCELL infoside...<\/a><\/p>","protected":false},"excerpt":{"rendered":"<p>Med mobil tilkobling til nettportal og til brukerens eget SCADA-system<\/p>","protected":false},"featured_media":16245,"template":"","meta":{"_acf_changed":false,"content-type":"","site-sidebar-layout":"default","site-content-layout":"default","ast-site-content-layout":"default","site-content-style":"default","site-sidebar-style":"default","ast-global-header-display":"","ast-banner-title-visibility":"","ast-main-header-display":"","ast-hfb-above-header-display":"","ast-hfb-below-header-display":"","ast-hfb-mobile-header-display":"","site-post-title":"","ast-breadcrumbs-content":"","ast-featured-img":"","footer-sml-layout":"","theme-transparent-header-meta":"default","adv-header-id-meta":"","stick-header-meta":"default","header-above-stick-meta":"","header-main-stick-meta":"","header-below-stick-meta":"","astra-migrate-meta-layouts":"set","ast-page-background-enabled":"default","ast-page-background-meta":{"desktop":{"background-color":"","background-image":"","background-repeat":"repeat","background-position":"center center","background-size":"auto","background-attachment":"scroll","background-type":"","background-media":"","overlay-type":"","overlay-color":"","overlay-opacity":"","overlay-gradient":""},"tablet":{"background-color":"","background-image":"","background-repeat":"repeat","background-position":"center center","background-size":"auto","background-attachment":"scroll","background-type":"","background-media":"","overlay-type":"","overlay-color":"","overlay-opacity":"","overlay-gradient":""},"mobile":{"background-color":"","background-image":"","background-repeat":"repeat","background-position":"center center","background-size":"auto","background-attachment":"scroll","background-type":"","background-media":"","overlay-type":"","overlay-color":"","overlay-opacity":"","overlay-gradient":""}},"ast-content-background-meta":{"desktop":{"background-color":"var(--ast-global-color-5)","background-image":"","background-repeat":"repeat","background-position":"center center","background-size":"auto","background-attachment":"scroll","background-type":"","background-media":"","overlay-type":"","overlay-color":"","overlay-opacity":"","overlay-gradient":""},"tablet":{"background-color":"var(--ast-global-color-5)","background-image":"","background-repeat":"repeat","background-position":"center center","background-size":"auto","background-attachment":"scroll","background-type":"","background-media":"","overlay-type":"","overlay-color":"","overlay-opacity":"","overlay-gradient":""},"mobile":{"background-color":"var(--ast-global-color-5)","background-image":"","background-repeat":"repeat","background-position":"center center","background-size":"auto","background-attachment":"scroll","background-type":"","background-media":"","overlay-type":"","overlay-color":"","overlay-opacity":"","overlay-gradient":""}}},"product_brand":[],"product_cat":[66,59,65,489,106,67],"product_tag":[488],"class_list":{"0":"post-7786","1":"product","2":"type-product","3":"status-publish","4":"has-post-thumbnail","6":"product_cat-barbara-matare","7":"product_cat-flodesmatare","8":"product_cat-flodesmatare-ultraljud","9":"product_cat-flodesmatare-vatskor","10":"product_cat-lackagesokning","11":"product_cat-portabla-flodesmatare","12":"product_tag-leakcell","13":"desktop-align-left","14":"tablet-align-left","15":"mobile-align-left","16":"ast-product-gallery-layout-horizontal","17":"ast-product-gallery-with-no-image","18":"ast-product-tabs-layout-horizontal","20":"first","21":"instock","22":"sale","23":"featured","24":"shipping-taxable","25":"purchasable","26":"product-type-simple"},"acf":[],"_links":{"self":[{"href":"https:\/\/kompauto.com\/no\/wp-json\/wp\/v2\/product\/7786","targetHints":{"allow":["GET"]}}],"collection":[{"href":"https:\/\/kompauto.com\/no\/wp-json\/wp\/v2\/product"}],"about":[{"href":"https:\/\/kompauto.com\/no\/wp-json\/wp\/v2\/types\/product"}],"version-history":[{"count":2,"href":"https:\/\/kompauto.com\/no\/wp-json\/wp\/v2\/product\/7786\/revisions"}],"predecessor-version":[{"id":17619,"href":"https:\/\/kompauto.com\/no\/wp-json\/wp\/v2\/product\/7786\/revisions\/17619"}],"wp:featuredmedia":[{"embeddable":true,"href":"https:\/\/kompauto.com\/no\/wp-json\/wp\/v2\/media\/16245"}],"wp:attachment":[{"href":"https:\/\/kompauto.com\/no\/wp-json\/wp\/v2\/media?parent=7786"}],"wp:term":[{"taxonomy":"product_brand","embeddable":true,"href":"https:\/\/kompauto.com\/no\/wp-json\/wp\/v2\/product_brand?post=7786"},{"taxonomy":"product_cat","embeddable":true,"href":"https:\/\/kompauto.com\/no\/wp-json\/wp\/v2\/product_cat?post=7786"},{"taxonomy":"product_tag","embeddable":true,"href":"https:\/\/kompauto.com\/no\/wp-json\/wp\/v2\/product_tag?post=7786"}],"curies":[{"name":"wp","href":"https:\/\/api.w.org\/{rel}","templated":true}]}}