{"id":7777,"date":"2023-06-08T09:26:16","date_gmt":"2023-06-08T09:26:16","guid":{"rendered":"https:\/\/kompauto.com\/?post_type=product&#038;p=7777"},"modified":"2026-01-19T20:05:32","modified_gmt":"2026-01-19T20:05:32","slug":"suto-s520","status":"publish","type":"product","link":"https:\/\/kompauto.com\/no\/produkt\/suto-s520\/","title":{"rendered":"SUTO S520 Smart h\u00e5ndholdt duggpunktsm\u00e5ler for luft og gasser"},"content":{"rendered":"<h2>Duggpunktsm\u00e5ler med unikt m\u00e5lekammer<\/h2>\n<p>S520 er en innovativ, b\u00e6rbar duggpunktsensor som er ideell for bruk i industriservicebedrifter og av vedlikeholdspersonell. Duggpunktsensoren er utviklet for rask og effektiv m\u00e5ling av duggpunktet i b\u00e5de luft- og gassnettverk, noe som gir raskere innsikt i det aktuelle duggpunktniv\u00e5et. Det unike m\u00e5lekammeret med integrert parkeringsfunksjon muliggj\u00f8r tidseffektive duggpunktsm\u00e5linger. Med en avansert intern algoritme kan S520 forutsi det fremtidige duggpunktsniv\u00e5et, slik at man ikke trenger \u00e5 vente p\u00e5 at m\u00e5leprosessen skal fullf\u00f8res. Dette gj\u00f8r det mulig \u00e5 ta raske beslutninger og optimalisere vedlikeholdsstrategier. I tillegg er enheten utstyrt med et innebygd kamera p\u00e5 5 megapiksler, som gj\u00f8r det mulig for brukerne \u00e5 dokumentere m\u00e5lestedene og enkelt sette inn bilder i resultatrapporter. Denne funksjonen forenkler kommunikasjonen og forbedrer dokumentasjonen ved m\u00e5ling av duggpunkt i luft og gasser. <a title=\"Se v\u00e5re andre produkter innen b\u00e6rbare analysatorer.\" href=\"https:\/\/kompauto.com\/no\/produktkategori\/barbara-feeder-2\/baerbare-analyseinstrumenter\/\" target=\"_blank\" rel=\"noopener\">Se v\u00e5re andre produkter - duggpunkt-, fuktighets- og trykkluftsensorer og -monitorer<\/a><\/p>","protected":false},"excerpt":{"rendered":"<p>For serviceteknikeren i trykkluftnettet<\/p>","protected":false},"featured_media":7847,"template":"","meta":{"_acf_changed":false,"content-type":"","site-sidebar-layout":"default","site-content-layout":"default","ast-site-content-layout":"default","site-content-style":"default","site-sidebar-style":"default","ast-global-header-display":"","ast-banner-title-visibility":"","ast-main-header-display":"","ast-hfb-above-header-display":"","ast-hfb-below-header-display":"","ast-hfb-mobile-header-display":"","site-post-title":"","ast-breadcrumbs-content":"","ast-featured-img":"","footer-sml-layout":"","theme-transparent-header-meta":"default","adv-header-id-meta":"","stick-header-meta":"default","header-above-stick-meta":"","header-main-stick-meta":"","header-below-stick-meta":"","astra-migrate-meta-layouts":"set","ast-page-background-enabled":"default","ast-page-background-meta":{"desktop":{"background-color":"","background-image":"","background-repeat":"repeat","background-position":"center center","background-size":"auto","background-attachment":"scroll","background-type":"","background-media":"","overlay-type":"","overlay-color":"","overlay-opacity":"","overlay-gradient":""},"tablet":{"background-color":"","background-image":"","background-repeat":"repeat","background-position":"center center","background-size":"auto","background-attachment":"scroll","background-type":"","background-media":"","overlay-type":"","overlay-color":"","overlay-opacity":"","overlay-gradient":""},"mobile":{"background-color":"","background-image":"","background-repeat":"repeat","background-position":"center center","background-size":"auto","background-attachment":"scroll","background-type":"","background-media":"","overlay-type":"","overlay-color":"","overlay-opacity":"","overlay-gradient":""}},"ast-content-background-meta":{"desktop":{"background-color":"var(--ast-global-color-5)","background-image":"","background-repeat":"repeat","background-position":"center center","background-size":"auto","background-attachment":"scroll","background-type":"","background-media":"","overlay-type":"","overlay-color":"","overlay-opacity":"","overlay-gradient":""},"tablet":{"background-color":"var(--ast-global-color-5)","background-image":"","background-repeat":"repeat","background-position":"center center","background-size":"auto","background-attachment":"scroll","background-type":"","background-media":"","overlay-type":"","overlay-color":"","overlay-opacity":"","overlay-gradient":""},"mobile":{"background-color":"var(--ast-global-color-5)","background-image":"","background-repeat":"repeat","background-position":"center center","background-size":"auto","background-attachment":"scroll","background-type":"","background-media":"","overlay-type":"","overlay-color":"","overlay-opacity":"","overlay-gradient":""}}},"product_brand":[],"product_cat":[103,104,105],"product_tag":[355],"class_list":{"0":"post-7777","1":"product","2":"type-product","3":"status-publish","4":"has-post-thumbnail","6":"product_cat-daggpunktsgivare","7":"product_cat-portabla-analysinstrument","8":"product_cat-tryckluft","9":"product_tag-suto-itec","10":"pa_daggpunktsomrade-10020c-td","11":"pa_daggpunktsomrade-50-50c-td","12":"pa_portabel-rapportskrivare-ja","13":"pa_portabel-rapportskrivare-nej","14":"desktop-align-left","15":"tablet-align-left","16":"mobile-align-left","17":"ast-product-gallery-layout-horizontal","18":"ast-product-tabs-layout-horizontal","20":"first","21":"instock","22":"sale","23":"shipping-taxable","24":"purchasable","25":"product-type-simple"},"acf":[],"_links":{"self":[{"href":"https:\/\/kompauto.com\/no\/wp-json\/wp\/v2\/product\/7777","targetHints":{"allow":["GET"]}}],"collection":[{"href":"https:\/\/kompauto.com\/no\/wp-json\/wp\/v2\/product"}],"about":[{"href":"https:\/\/kompauto.com\/no\/wp-json\/wp\/v2\/types\/product"}],"version-history":[{"count":5,"href":"https:\/\/kompauto.com\/no\/wp-json\/wp\/v2\/product\/7777\/revisions"}],"predecessor-version":[{"id":18205,"href":"https:\/\/kompauto.com\/no\/wp-json\/wp\/v2\/product\/7777\/revisions\/18205"}],"wp:featuredmedia":[{"embeddable":true,"href":"https:\/\/kompauto.com\/no\/wp-json\/wp\/v2\/media\/7847"}],"wp:attachment":[{"href":"https:\/\/kompauto.com\/no\/wp-json\/wp\/v2\/media?parent=7777"}],"wp:term":[{"taxonomy":"product_brand","embeddable":true,"href":"https:\/\/kompauto.com\/no\/wp-json\/wp\/v2\/product_brand?post=7777"},{"taxonomy":"product_cat","embeddable":true,"href":"https:\/\/kompauto.com\/no\/wp-json\/wp\/v2\/product_cat?post=7777"},{"taxonomy":"product_tag","embeddable":true,"href":"https:\/\/kompauto.com\/no\/wp-json\/wp\/v2\/product_tag?post=7777"}],"curies":[{"name":"wp","href":"https:\/\/api.w.org\/{rel}","templated":true}]}}