{"id":7776,"date":"2023-06-08T09:26:16","date_gmt":"2023-06-08T09:26:16","guid":{"rendered":"https:\/\/kompauto.com\/?post_type=product&#038;p=7776"},"modified":"2026-01-12T14:11:04","modified_gmt":"2026-01-12T14:11:04","slug":"suto-itec-s461","status":"publish","type":"product","link":"https:\/\/kompauto.com\/no\/produkt\/suto-itec-s461\/","title":{"rendered":"SUTO S461 Ultralydstr\u00f8mningsm\u00e5ler"},"content":{"rendered":"<p>&nbsp;<\/p>\n<h2>Ultralydstr\u00f8mm\u00e5lere for v\u00e6sker<\/h2>\n<p>SUTO S461 er en p\u00e5litelig og fleksibel str\u00f8mningsm\u00e5ler som bruker ultralydteknologi for \u00e5 m\u00e5le str\u00f8mning og forbruk n\u00f8yaktig i ulike bruksomr\u00e5der.<br \/>\nProduktet er ideelt for m\u00e5ling av vann, olje, drivstoff og andre v\u00e6sker, og kan brukes b\u00e5de stasjon\u00e6rt og b\u00e6rbart med en powerbank.<br \/>\nDen avanserte teknologien gj\u00f8r det mulig \u00e5 m\u00e5le str\u00f8mning i begge retninger, b\u00e5de forover og bakover, med h\u00f8y presisjon og n\u00f8yaktighet.<\/p>\n<h2>Smart v\u00e6skeoverv\u00e5king og konfigurasjon via app<\/h2>\n<p>Str\u00f8mningsm\u00e5leren er utstyrt med en applikasjon som gj\u00f8r det enkelt \u00e5 sette opp enheten, lese av gjeldende m\u00e5leverdier og konfigurere dataloggeren.<br \/>\nFor avansert overv\u00e5king kan versjonen med energim\u00e5ling suppleres med temperatursensorer som m\u00e5ler temperaturen i \u00b0C og analyserer varmevekslerens effektivitet.<\/p>\n<h2>Ultralydstr\u00f8mningsm\u00e5ler med fleksibel montering og tilkobling<\/h2>\n<p>Disse produktene er tilgjengelige med flere monteringsalternativer for enkel installasjon, for eksempel r\u00f8rbrakett, veggbrakett, DIN-skinne eller uten montering.<br \/>\nDen st\u00f8tter ulike signalutganger, inkludert Modbus\/RTU (standard) og Modbus\/TCP (valgfritt), noe som gj\u00f8r den kompatibel med mange systemer og applikasjoner.<\/p>\n<p>&nbsp;<\/p>","protected":false},"excerpt":{"rendered":"<p>Clamp-on Flowmeters for str\u00f8mningsm\u00e5ling og energi med overflatemonterte sensorer<\/p>","protected":false},"featured_media":7843,"template":"","meta":{"_acf_changed":false,"content-type":"","site-sidebar-layout":"default","site-content-layout":"default","ast-site-content-layout":"default","site-content-style":"default","site-sidebar-style":"default","ast-global-header-display":"","ast-banner-title-visibility":"","ast-main-header-display":"","ast-hfb-above-header-display":"","ast-hfb-below-header-display":"","ast-hfb-mobile-header-display":"","site-post-title":"","ast-breadcrumbs-content":"","ast-featured-img":"","footer-sml-layout":"","theme-transparent-header-meta":"default","adv-header-id-meta":"","stick-header-meta":"default","header-above-stick-meta":"","header-main-stick-meta":"","header-below-stick-meta":"","astra-migrate-meta-layouts":"set","ast-page-background-enabled":"default","ast-page-background-meta":{"desktop":{"background-color":"","background-image":"","background-repeat":"repeat","background-position":"center center","background-size":"auto","background-attachment":"scroll","background-type":"","background-media":"","overlay-type":"","overlay-color":"","overlay-opacity":"","overlay-gradient":""},"tablet":{"background-color":"","background-image":"","background-repeat":"repeat","background-position":"center center","background-size":"auto","background-attachment":"scroll","background-type":"","background-media":"","overlay-type":"","overlay-color":"","overlay-opacity":"","overlay-gradient":""},"mobile":{"background-color":"","background-image":"","background-repeat":"repeat","background-position":"center center","background-size":"auto","background-attachment":"scroll","background-type":"","background-media":"","overlay-type":"","overlay-color":"","overlay-opacity":"","overlay-gradient":""}},"ast-content-background-meta":{"desktop":{"background-color":"var(--ast-global-color-5)","background-image":"","background-repeat":"repeat","background-position":"center center","background-size":"auto","background-attachment":"scroll","background-type":"","background-media":"","overlay-type":"","overlay-color":"","overlay-opacity":"","overlay-gradient":""},"tablet":{"background-color":"var(--ast-global-color-5)","background-image":"","background-repeat":"repeat","background-position":"center center","background-size":"auto","background-attachment":"scroll","background-type":"","background-media":"","overlay-type":"","overlay-color":"","overlay-opacity":"","overlay-gradient":""},"mobile":{"background-color":"var(--ast-global-color-5)","background-image":"","background-repeat":"repeat","background-position":"center center","background-size":"auto","background-attachment":"scroll","background-type":"","background-media":"","overlay-type":"","overlay-color":"","overlay-opacity":"","overlay-gradient":""}}},"product_brand":[],"product_cat":[65,364,489,67],"product_tag":[355],"class_list":{"0":"post-7776","1":"product","2":"type-product","3":"status-publish","4":"has-post-thumbnail","6":"product_cat-flodesmatare-ultraljud","7":"product_cat-energimatning","8":"product_cat-flodesmatare-vatskor","9":"product_cat-portabla-flodesmatare","10":"product_tag-suto-itec","11":"desktop-align-left","12":"tablet-align-left","13":"mobile-align-left","14":"ast-product-gallery-layout-horizontal","15":"ast-product-tabs-layout-horizontal","17":"first","18":"instock","19":"sale","20":"shipping-taxable","21":"purchasable","22":"product-type-simple"},"acf":[],"_links":{"self":[{"href":"https:\/\/kompauto.com\/no\/wp-json\/wp\/v2\/product\/7776","targetHints":{"allow":["GET"]}}],"collection":[{"href":"https:\/\/kompauto.com\/no\/wp-json\/wp\/v2\/product"}],"about":[{"href":"https:\/\/kompauto.com\/no\/wp-json\/wp\/v2\/types\/product"}],"version-history":[{"count":5,"href":"https:\/\/kompauto.com\/no\/wp-json\/wp\/v2\/product\/7776\/revisions"}],"predecessor-version":[{"id":17635,"href":"https:\/\/kompauto.com\/no\/wp-json\/wp\/v2\/product\/7776\/revisions\/17635"}],"wp:featuredmedia":[{"embeddable":true,"href":"https:\/\/kompauto.com\/no\/wp-json\/wp\/v2\/media\/7843"}],"wp:attachment":[{"href":"https:\/\/kompauto.com\/no\/wp-json\/wp\/v2\/media?parent=7776"}],"wp:term":[{"taxonomy":"product_brand","embeddable":true,"href":"https:\/\/kompauto.com\/no\/wp-json\/wp\/v2\/product_brand?post=7776"},{"taxonomy":"product_cat","embeddable":true,"href":"https:\/\/kompauto.com\/no\/wp-json\/wp\/v2\/product_cat?post=7776"},{"taxonomy":"product_tag","embeddable":true,"href":"https:\/\/kompauto.com\/no\/wp-json\/wp\/v2\/product_tag?post=7776"}],"curies":[{"name":"wp","href":"https:\/\/api.w.org\/{rel}","templated":true}]}}