{"id":7682,"date":"2023-06-08T09:25:06","date_gmt":"2023-06-08T09:25:06","guid":{"rendered":"https:\/\/kompauto.com\/?post_type=product&#038;p=7682"},"modified":"2026-01-12T13:42:07","modified_gmt":"2026-01-12T13:42:07","slug":"king-7460","status":"publish","type":"product","link":"https:\/\/kompauto.com\/no\/produkt\/king-7460\/","title":{"rendered":"KING 7460"},"content":{"rendered":"<p>King 7460 borosilikat flytem\u00e5ler har 316L indre komponenter i rustfritt st\u00e5l med valgfri Hastelloy\u00ae C-276. Tilkoblingene er 316L rustfritt st\u00e5l eller PVC. Alle modellene har 1 % repeterbarhet og n\u00f8yaktighet p\u00e5 \u00b1 5 % av full flyt. Maks temperatur 93\u00b0C for v\u00e6sker og 121\u00b0C for gasser. Maks trykk 13,7 bar. Vekter er tilgjengelige i forskjellige enheter.<\/p>","protected":false},"excerpt":{"rendered":"<p>Rotameter med 304-hus i rustfritt st\u00e5l<\/p>","protected":false},"featured_media":5803,"template":"","meta":{"_acf_changed":false,"content-type":"","site-sidebar-layout":"default","site-content-layout":"default","ast-site-content-layout":"default","site-content-style":"default","site-sidebar-style":"default","ast-global-header-display":"","ast-banner-title-visibility":"","ast-main-header-display":"","ast-hfb-above-header-display":"","ast-hfb-below-header-display":"","ast-hfb-mobile-header-display":"","site-post-title":"","ast-breadcrumbs-content":"","ast-featured-img":"","footer-sml-layout":"","theme-transparent-header-meta":"default","adv-header-id-meta":"","stick-header-meta":"default","header-above-stick-meta":"","header-main-stick-meta":"","header-below-stick-meta":"","astra-migrate-meta-layouts":"set","ast-page-background-enabled":"default","ast-page-background-meta":{"desktop":{"background-color":"","background-image":"","background-repeat":"repeat","background-position":"center center","background-size":"auto","background-attachment":"scroll","background-type":"","background-media":"","overlay-type":"","overlay-color":"","overlay-opacity":"","overlay-gradient":""},"tablet":{"background-color":"","background-image":"","background-repeat":"repeat","background-position":"center center","background-size":"auto","background-attachment":"scroll","background-type":"","background-media":"","overlay-type":"","overlay-color":"","overlay-opacity":"","overlay-gradient":""},"mobile":{"background-color":"","background-image":"","background-repeat":"repeat","background-position":"center center","background-size":"auto","background-attachment":"scroll","background-type":"","background-media":"","overlay-type":"","overlay-color":"","overlay-opacity":"","overlay-gradient":""}},"ast-content-background-meta":{"desktop":{"background-color":"var(--ast-global-color-5)","background-image":"","background-repeat":"repeat","background-position":"center center","background-size":"auto","background-attachment":"scroll","background-type":"","background-media":"","overlay-type":"","overlay-color":"","overlay-opacity":"","overlay-gradient":""},"tablet":{"background-color":"var(--ast-global-color-5)","background-image":"","background-repeat":"repeat","background-position":"center center","background-size":"auto","background-attachment":"scroll","background-type":"","background-media":"","overlay-type":"","overlay-color":"","overlay-opacity":"","overlay-gradient":""},"mobile":{"background-color":"var(--ast-global-color-5)","background-image":"","background-repeat":"repeat","background-position":"center center","background-size":"auto","background-attachment":"scroll","background-type":"","background-media":"","overlay-type":"","overlay-color":"","overlay-opacity":"","overlay-gradient":""}}},"product_brand":[],"product_cat":[489,69],"product_tag":[],"class_list":{"0":"post-7682","1":"product","2":"type-product","3":"status-publish","4":"has-post-thumbnail","6":"product_cat-flodesmatare-vatskor","7":"product_cat-svavkroppsflodesmatare","8":"desktop-align-left","9":"tablet-align-left","10":"mobile-align-left","11":"ast-product-gallery-layout-horizontal","12":"ast-product-gallery-with-no-image","13":"ast-product-tabs-layout-horizontal","15":"first","16":"instock","17":"sale","18":"shipping-taxable","19":"purchasable","20":"product-type-simple"},"acf":[],"_links":{"self":[{"href":"https:\/\/kompauto.com\/no\/wp-json\/wp\/v2\/product\/7682","targetHints":{"allow":["GET"]}}],"collection":[{"href":"https:\/\/kompauto.com\/no\/wp-json\/wp\/v2\/product"}],"about":[{"href":"https:\/\/kompauto.com\/no\/wp-json\/wp\/v2\/types\/product"}],"version-history":[{"count":1,"href":"https:\/\/kompauto.com\/no\/wp-json\/wp\/v2\/product\/7682\/revisions"}],"predecessor-version":[{"id":18141,"href":"https:\/\/kompauto.com\/no\/wp-json\/wp\/v2\/product\/7682\/revisions\/18141"}],"wp:featuredmedia":[{"embeddable":true,"href":"https:\/\/kompauto.com\/no\/wp-json\/wp\/v2\/media\/5803"}],"wp:attachment":[{"href":"https:\/\/kompauto.com\/no\/wp-json\/wp\/v2\/media?parent=7682"}],"wp:term":[{"taxonomy":"product_brand","embeddable":true,"href":"https:\/\/kompauto.com\/no\/wp-json\/wp\/v2\/product_brand?post=7682"},{"taxonomy":"product_cat","embeddable":true,"href":"https:\/\/kompauto.com\/no\/wp-json\/wp\/v2\/product_cat?post=7682"},{"taxonomy":"product_tag","embeddable":true,"href":"https:\/\/kompauto.com\/no\/wp-json\/wp\/v2\/product_tag?post=7682"}],"curies":[{"name":"wp","href":"https:\/\/api.w.org\/{rel}","templated":true}]}}