{"id":7670,"date":"2023-06-08T09:24:57","date_gmt":"2023-06-08T09:24:57","guid":{"rendered":"https:\/\/kompauto.com\/?post_type=product&#038;p=7670"},"modified":"2025-02-21T14:43:00","modified_gmt":"2025-02-21T14:43:00","slug":"adsomax-torkemiddel","status":"publish","type":"product","link":"https:\/\/kompauto.com\/no\/produkt\/adsomax-torkemiddel\/","title":{"rendered":"AdsoMax t\u00f8rkemiddel"},"content":{"rendered":"<h2>T\u00f8rkemiddel for t\u00f8rking av trykkluft med adsorpsjonst\u00f8rkere<\/h2>\n<p>Uansett hvilken adsorpsjonst\u00f8rker du har, er t\u00f8rkemiddelet den viktigste komponenten for \u00e5 oppn\u00e5 best mulig kvalitet og lavest mulig energiforbruk i trykkluften. Regelmessig inspeksjon av t\u00f8rkemiddelet er en m\u00e5te \u00e5 vite n\u00e5r det er p\u00e5 tide \u00e5 skifte ut t\u00f8rkemiddelet, og avhengig av t\u00f8rkerens belastning er intervallet for utskifting vanligvis mellom 4-6 \u00e5r. Vi leverer et bredt utvalg av t\u00f8rkemidler fra Adsomax til de fleste typer adsorpsjonst\u00f8rkere. Kontakt oss for \u00e5 f\u00e5 et tilbud eller mer informasjon om produktet v\u00e5rt.<\/p>","protected":false},"excerpt":{"rendered":"<p>T\u00f8rkemiddel<\/p>","protected":false},"featured_media":5747,"template":"","meta":{"_acf_changed":false,"content-type":"","site-sidebar-layout":"default","site-content-layout":"default","ast-site-content-layout":"default","site-content-style":"default","site-sidebar-style":"default","ast-global-header-display":"","ast-banner-title-visibility":"","ast-main-header-display":"","ast-hfb-above-header-display":"","ast-hfb-below-header-display":"","ast-hfb-mobile-header-display":"","site-post-title":"","ast-breadcrumbs-content":"","ast-featured-img":"","footer-sml-layout":"","theme-transparent-header-meta":"default","adv-header-id-meta":"","stick-header-meta":"default","header-above-stick-meta":"","header-main-stick-meta":"","header-below-stick-meta":"","astra-migrate-meta-layouts":"set","ast-page-background-enabled":"default","ast-page-background-meta":{"desktop":{"background-color":"","background-image":"","background-repeat":"repeat","background-position":"center center","background-size":"auto","background-attachment":"scroll","background-type":"","background-media":"","overlay-type":"","overlay-color":"","overlay-opacity":"","overlay-gradient":""},"tablet":{"background-color":"","background-image":"","background-repeat":"repeat","background-position":"center center","background-size":"auto","background-attachment":"scroll","background-type":"","background-media":"","overlay-type":"","overlay-color":"","overlay-opacity":"","overlay-gradient":""},"mobile":{"background-color":"","background-image":"","background-repeat":"repeat","background-position":"center center","background-size":"auto","background-attachment":"scroll","background-type":"","background-media":"","overlay-type":"","overlay-color":"","overlay-opacity":"","overlay-gradient":""}},"ast-content-background-meta":{"desktop":{"background-color":"var(--ast-global-color-5)","background-image":"","background-repeat":"repeat","background-position":"center center","background-size":"auto","background-attachment":"scroll","background-type":"","background-media":"","overlay-type":"","overlay-color":"","overlay-opacity":"","overlay-gradient":""},"tablet":{"background-color":"var(--ast-global-color-5)","background-image":"","background-repeat":"repeat","background-position":"center center","background-size":"auto","background-attachment":"scroll","background-type":"","background-media":"","overlay-type":"","overlay-color":"","overlay-opacity":"","overlay-gradient":""},"mobile":{"background-color":"var(--ast-global-color-5)","background-image":"","background-repeat":"repeat","background-position":"center center","background-size":"auto","background-attachment":"scroll","background-type":"","background-media":"","overlay-type":"","overlay-color":"","overlay-opacity":"","overlay-gradient":""}}},"product_brand":[],"product_cat":[101],"product_tag":[344],"class_list":{"0":"post-7670","1":"product","2":"type-product","3":"status-publish","4":"has-post-thumbnail","6":"product_cat-torkmedel","7":"product_tag-adsomax","8":"desktop-align-left","9":"tablet-align-left","10":"mobile-align-left","11":"ast-product-gallery-layout-horizontal","12":"ast-product-tabs-layout-horizontal","14":"first","15":"instock","16":"sale","17":"shipping-taxable","18":"purchasable","19":"product-type-simple"},"acf":[],"_links":{"self":[{"href":"https:\/\/kompauto.com\/no\/wp-json\/wp\/v2\/product\/7670","targetHints":{"allow":["GET"]}}],"collection":[{"href":"https:\/\/kompauto.com\/no\/wp-json\/wp\/v2\/product"}],"about":[{"href":"https:\/\/kompauto.com\/no\/wp-json\/wp\/v2\/types\/product"}],"version-history":[{"count":3,"href":"https:\/\/kompauto.com\/no\/wp-json\/wp\/v2\/product\/7670\/revisions"}],"predecessor-version":[{"id":17401,"href":"https:\/\/kompauto.com\/no\/wp-json\/wp\/v2\/product\/7670\/revisions\/17401"}],"wp:featuredmedia":[{"embeddable":true,"href":"https:\/\/kompauto.com\/no\/wp-json\/wp\/v2\/media\/5747"}],"wp:attachment":[{"href":"https:\/\/kompauto.com\/no\/wp-json\/wp\/v2\/media?parent=7670"}],"wp:term":[{"taxonomy":"product_brand","embeddable":true,"href":"https:\/\/kompauto.com\/no\/wp-json\/wp\/v2\/product_brand?post=7670"},{"taxonomy":"product_cat","embeddable":true,"href":"https:\/\/kompauto.com\/no\/wp-json\/wp\/v2\/product_cat?post=7670"},{"taxonomy":"product_tag","embeddable":true,"href":"https:\/\/kompauto.com\/no\/wp-json\/wp\/v2\/product_tag?post=7670"}],"curies":[{"name":"wp","href":"https:\/\/api.w.org\/{rel}","templated":true}]}}