{"id":7658,"date":"2023-06-08T09:24:56","date_gmt":"2023-06-08T09:24:56","guid":{"rendered":"https:\/\/kompauto.com\/?post_type=product&#038;p=7658"},"modified":"2026-01-12T13:56:18","modified_gmt":"2026-01-12T13:56:18","slug":"hpc","status":"publish","type":"product","link":"https:\/\/kompauto.com\/no\/produkt\/hpc\/","title":{"rendered":"HPC"},"content":{"rendered":"<p>Coriolis-massestr\u00f8mningsm\u00e5ler HPC.<\/p>\n<p>Massestr\u00f8m, tetthet og temperatur m\u00e5les samtidig. Volumstr\u00f8mmen kan beregnes ut fra disse m\u00e5lingene. HPC-massestr\u00f8mningsm\u00e5lere er kun tilgjengelig med ekstern elektronikk.<\/p>\n<p>M\u00e5ling av v\u00e6sker og gasser, tyktflytende og korrosive medier.<br \/>\nBruksomr\u00e5der: kjemisk, petrokjemisk, olje- og gass-, n\u00e6ringsmiddel- og farmas\u00f8ytisk industri.<\/p>\n<p>- Presise m\u00e5linger for sv\u00e6rt sm\u00e5 m\u00e5leomr\u00e5der<br \/>\n- Vibrasjonsbestandig<br \/>\n- Sv\u00e6rt robust flytekarosseri<br \/>\n- Variable kapslings- og monteringsalternativer<\/p>","protected":false},"excerpt":{"rendered":"<p>Coriolis-massestr\u00f8mningsm\u00e5ler i ekstremt kompakt design<\/p>","protected":false},"featured_media":5710,"template":"","meta":{"_acf_changed":false,"content-type":"","site-sidebar-layout":"default","site-content-layout":"default","ast-site-content-layout":"default","site-content-style":"default","site-sidebar-style":"default","ast-global-header-display":"","ast-banner-title-visibility":"","ast-main-header-display":"","ast-hfb-above-header-display":"","ast-hfb-below-header-display":"","ast-hfb-mobile-header-display":"","site-post-title":"","ast-breadcrumbs-content":"","ast-featured-img":"","footer-sml-layout":"","theme-transparent-header-meta":"default","adv-header-id-meta":"","stick-header-meta":"default","header-above-stick-meta":"","header-main-stick-meta":"","header-below-stick-meta":"","astra-migrate-meta-layouts":"set","ast-page-background-enabled":"default","ast-page-background-meta":{"desktop":{"background-color":"","background-image":"","background-repeat":"repeat","background-position":"center center","background-size":"auto","background-attachment":"scroll","background-type":"","background-media":"","overlay-type":"","overlay-color":"","overlay-opacity":"","overlay-gradient":""},"tablet":{"background-color":"","background-image":"","background-repeat":"repeat","background-position":"center center","background-size":"auto","background-attachment":"scroll","background-type":"","background-media":"","overlay-type":"","overlay-color":"","overlay-opacity":"","overlay-gradient":""},"mobile":{"background-color":"","background-image":"","background-repeat":"repeat","background-position":"center center","background-size":"auto","background-attachment":"scroll","background-type":"","background-media":"","overlay-type":"","overlay-color":"","overlay-opacity":"","overlay-gradient":""}},"ast-content-background-meta":{"desktop":{"background-color":"var(--ast-global-color-5)","background-image":"","background-repeat":"repeat","background-position":"center center","background-size":"auto","background-attachment":"scroll","background-type":"","background-media":"","overlay-type":"","overlay-color":"","overlay-opacity":"","overlay-gradient":""},"tablet":{"background-color":"var(--ast-global-color-5)","background-image":"","background-repeat":"repeat","background-position":"center center","background-size":"auto","background-attachment":"scroll","background-type":"","background-media":"","overlay-type":"","overlay-color":"","overlay-opacity":"","overlay-gradient":""},"mobile":{"background-color":"var(--ast-global-color-5)","background-image":"","background-repeat":"repeat","background-position":"center center","background-size":"auto","background-attachment":"scroll","background-type":"","background-media":"","overlay-type":"","overlay-color":"","overlay-opacity":"","overlay-gradient":""}}},"product_brand":[],"product_cat":[489,68],"product_tag":[350],"class_list":{"0":"post-7658","1":"product","2":"type-product","3":"status-publish","4":"has-post-thumbnail","6":"product_cat-flodesmatare-vatskor","7":"product_cat-massflodesmatare","8":"product_tag-heinrichs-messtechnik","9":"desktop-align-left","10":"tablet-align-left","11":"mobile-align-left","12":"ast-product-gallery-layout-horizontal","13":"ast-product-tabs-layout-horizontal","15":"first","16":"instock","17":"sale","18":"shipping-taxable","19":"purchasable","20":"product-type-simple"},"acf":[],"_links":{"self":[{"href":"https:\/\/kompauto.com\/no\/wp-json\/wp\/v2\/product\/7658","targetHints":{"allow":["GET"]}}],"collection":[{"href":"https:\/\/kompauto.com\/no\/wp-json\/wp\/v2\/product"}],"about":[{"href":"https:\/\/kompauto.com\/no\/wp-json\/wp\/v2\/types\/product"}],"version-history":[{"count":1,"href":"https:\/\/kompauto.com\/no\/wp-json\/wp\/v2\/product\/7658\/revisions"}],"predecessor-version":[{"id":18163,"href":"https:\/\/kompauto.com\/no\/wp-json\/wp\/v2\/product\/7658\/revisions\/18163"}],"wp:featuredmedia":[{"embeddable":true,"href":"https:\/\/kompauto.com\/no\/wp-json\/wp\/v2\/media\/5710"}],"wp:attachment":[{"href":"https:\/\/kompauto.com\/no\/wp-json\/wp\/v2\/media?parent=7658"}],"wp:term":[{"taxonomy":"product_brand","embeddable":true,"href":"https:\/\/kompauto.com\/no\/wp-json\/wp\/v2\/product_brand?post=7658"},{"taxonomy":"product_cat","embeddable":true,"href":"https:\/\/kompauto.com\/no\/wp-json\/wp\/v2\/product_cat?post=7658"},{"taxonomy":"product_tag","embeddable":true,"href":"https:\/\/kompauto.com\/no\/wp-json\/wp\/v2\/product_tag?post=7658"}],"curies":[{"name":"wp","href":"https:\/\/api.w.org\/{rel}","templated":true}]}}