{"id":7654,"date":"2023-06-08T09:24:55","date_gmt":"2023-06-08T09:24:55","guid":{"rendered":"https:\/\/kompauto.com\/?post_type=product&#038;p=7654"},"modified":"2026-01-26T12:59:02","modified_gmt":"2026-01-26T12:59:02","slug":"fox-ft4x","status":"publish","type":"product","link":"https:\/\/kompauto.com\/no\/produkt\/fox-ft4x\/","title":{"rendered":"FOX FT4X"},"content":{"rendered":"<p>FT4X m\u00e5ler str\u00f8mningshastigheten uten behov for temperatur- eller trykkompensasjon.<\/p>\n<p>Gas-SelectX\u00ae gj\u00f8r det mulig \u00e5 bytte eller endre gass og gassblandinger.<br \/>\nFT4A-serien kan leveres for plug-in eller inline.<\/p>\n<p>Med CAL-V\u2122-funksjonen kan vi kontrollere m\u00e5lerens kalibrering under drift uten \u00e5 m\u00e5tte ta ut m\u00e5leren eller stoppe noen prosess.<\/p>\n<p>Konfigurasjon og programmering kan enkelt gj\u00f8res via USB-port og nedlastbar programvare.<\/p>\n<p>FT4X er utstyrt med en datalogger for lagring av data. Datalogging er mye brukt i applikasjoner som overv\u00e5king av fakling og r\u00f8ykgassutslipp, gassstudier, gassprising og -allokering og forskning p\u00e5 gasstr\u00f8mning.<\/p>","protected":false},"excerpt":{"rendered":"<p>Termisk massestr\u00f8mm\u00e5ler, ulike gasser, logger,  ATEX<\/p>","protected":false},"featured_media":5674,"template":"","meta":{"_acf_changed":false,"content-type":"","site-sidebar-layout":"default","site-content-layout":"default","ast-site-content-layout":"default","site-content-style":"default","site-sidebar-style":"default","ast-global-header-display":"","ast-banner-title-visibility":"","ast-main-header-display":"","ast-hfb-above-header-display":"","ast-hfb-below-header-display":"","ast-hfb-mobile-header-display":"","site-post-title":"","ast-breadcrumbs-content":"","ast-featured-img":"","footer-sml-layout":"","theme-transparent-header-meta":"default","adv-header-id-meta":"","stick-header-meta":"default","header-above-stick-meta":"","header-main-stick-meta":"","header-below-stick-meta":"","astra-migrate-meta-layouts":"set","ast-page-background-enabled":"default","ast-page-background-meta":{"desktop":{"background-color":"","background-image":"","background-repeat":"repeat","background-position":"center center","background-size":"auto","background-attachment":"scroll","background-type":"","background-media":"","overlay-type":"","overlay-color":"","overlay-opacity":"","overlay-gradient":""},"tablet":{"background-color":"","background-image":"","background-repeat":"repeat","background-position":"center center","background-size":"auto","background-attachment":"scroll","background-type":"","background-media":"","overlay-type":"","overlay-color":"","overlay-opacity":"","overlay-gradient":""},"mobile":{"background-color":"","background-image":"","background-repeat":"repeat","background-position":"center center","background-size":"auto","background-attachment":"scroll","background-type":"","background-media":"","overlay-type":"","overlay-color":"","overlay-opacity":"","overlay-gradient":""}},"ast-content-background-meta":{"desktop":{"background-color":"var(--ast-global-color-5)","background-image":"","background-repeat":"repeat","background-position":"center center","background-size":"auto","background-attachment":"scroll","background-type":"","background-media":"","overlay-type":"","overlay-color":"","overlay-opacity":"","overlay-gradient":""},"tablet":{"background-color":"var(--ast-global-color-5)","background-image":"","background-repeat":"repeat","background-position":"center center","background-size":"auto","background-attachment":"scroll","background-type":"","background-media":"","overlay-type":"","overlay-color":"","overlay-opacity":"","overlay-gradient":""},"mobile":{"background-color":"var(--ast-global-color-5)","background-image":"","background-repeat":"repeat","background-position":"center center","background-size":"auto","background-attachment":"scroll","background-type":"","background-media":"","overlay-type":"","overlay-color":"","overlay-opacity":"","overlay-gradient":""}}},"product_brand":[],"product_cat":[491,68],"product_tag":[348],"class_list":{"0":"post-7654","1":"product","2":"type-product","3":"status-publish","4":"has-post-thumbnail","6":"product_cat-flodesmatare-gas","7":"product_cat-massflodesmatare","8":"product_tag-fox-thermal","9":"desktop-align-left","10":"tablet-align-left","11":"mobile-align-left","12":"ast-product-gallery-layout-horizontal","13":"ast-product-tabs-layout-horizontal","15":"first","16":"instock","17":"sale","18":"shipping-taxable","19":"purchasable","20":"product-type-simple"},"acf":[],"_links":{"self":[{"href":"https:\/\/kompauto.com\/no\/wp-json\/wp\/v2\/product\/7654","targetHints":{"allow":["GET"]}}],"collection":[{"href":"https:\/\/kompauto.com\/no\/wp-json\/wp\/v2\/product"}],"about":[{"href":"https:\/\/kompauto.com\/no\/wp-json\/wp\/v2\/types\/product"}],"version-history":[{"count":1,"href":"https:\/\/kompauto.com\/no\/wp-json\/wp\/v2\/product\/7654\/revisions"}],"predecessor-version":[{"id":18259,"href":"https:\/\/kompauto.com\/no\/wp-json\/wp\/v2\/product\/7654\/revisions\/18259"}],"wp:featuredmedia":[{"embeddable":true,"href":"https:\/\/kompauto.com\/no\/wp-json\/wp\/v2\/media\/5674"}],"wp:attachment":[{"href":"https:\/\/kompauto.com\/no\/wp-json\/wp\/v2\/media?parent=7654"}],"wp:term":[{"taxonomy":"product_brand","embeddable":true,"href":"https:\/\/kompauto.com\/no\/wp-json\/wp\/v2\/product_brand?post=7654"},{"taxonomy":"product_cat","embeddable":true,"href":"https:\/\/kompauto.com\/no\/wp-json\/wp\/v2\/product_cat?post=7654"},{"taxonomy":"product_tag","embeddable":true,"href":"https:\/\/kompauto.com\/no\/wp-json\/wp\/v2\/product_tag?post=7654"}],"curies":[{"name":"wp","href":"https:\/\/api.w.org\/{rel}","templated":true}]}}