{"id":7653,"date":"2023-06-08T09:24:55","date_gmt":"2023-06-08T09:24:55","guid":{"rendered":"https:\/\/kompauto.com\/?post_type=product&#038;p=7653"},"modified":"2026-01-12T13:11:34","modified_gmt":"2026-01-12T13:11:34","slug":"fox-ft4a","status":"publish","type":"product","link":"https:\/\/kompauto.com\/no\/produkt\/fox-ft4a\/","title":{"rendered":"FOX FT4A"},"content":{"rendered":"<p>Termisk massestr\u00f8mningsm\u00e5ler FT4A<\/p>\n<p>FT4A er en termisk massestr\u00f8mningsm\u00e5ler. Det termiske m\u00e5leprinsippet betyr at vi ikke trenger \u00e5 kompensere for verken temperatur eller trykk for \u00e5 oppn\u00e5 massestr\u00f8m.<br \/>\nInstrumentet er kalibrert for luft eller gass. Gas-SelectX\u00ae gj\u00f8r det mulig \u00e5 endre eller modifisere gass og gassblandinger.<br \/>\nFT4A er tilgjengelig i plug-in-versjon med retractor eller som inline.<\/p>\n<p>CAL-V\u2122-funksjonen gj\u00f8r det mulig \u00e5 kontrollere kalibreringen av m\u00e5leren under drift uten \u00e5 m\u00e5tte demontere m\u00e5leren eller stenge ned noen prosess.<\/p>\n<p>Konfigurasjon og programmering kan enkelt gj\u00f8res via USB-port og nedlastbar programvare.<\/p>","protected":false},"excerpt":{"rendered":"<p>ermisk massestr\u00f8msm\u00e5ler, ulike gaser, ATEX<\/p>","protected":false},"featured_media":5670,"template":"","meta":{"_acf_changed":false,"content-type":"","site-sidebar-layout":"default","site-content-layout":"default","ast-site-content-layout":"default","site-content-style":"default","site-sidebar-style":"default","ast-global-header-display":"","ast-banner-title-visibility":"","ast-main-header-display":"","ast-hfb-above-header-display":"","ast-hfb-below-header-display":"","ast-hfb-mobile-header-display":"","site-post-title":"","ast-breadcrumbs-content":"","ast-featured-img":"","footer-sml-layout":"","theme-transparent-header-meta":"default","adv-header-id-meta":"","stick-header-meta":"default","header-above-stick-meta":"","header-main-stick-meta":"","header-below-stick-meta":"","astra-migrate-meta-layouts":"set","ast-page-background-enabled":"default","ast-page-background-meta":{"desktop":{"background-color":"","background-image":"","background-repeat":"repeat","background-position":"center center","background-size":"auto","background-attachment":"scroll","background-type":"","background-media":"","overlay-type":"","overlay-color":"","overlay-opacity":"","overlay-gradient":""},"tablet":{"background-color":"","background-image":"","background-repeat":"repeat","background-position":"center center","background-size":"auto","background-attachment":"scroll","background-type":"","background-media":"","overlay-type":"","overlay-color":"","overlay-opacity":"","overlay-gradient":""},"mobile":{"background-color":"","background-image":"","background-repeat":"repeat","background-position":"center center","background-size":"auto","background-attachment":"scroll","background-type":"","background-media":"","overlay-type":"","overlay-color":"","overlay-opacity":"","overlay-gradient":""}},"ast-content-background-meta":{"desktop":{"background-color":"var(--ast-global-color-5)","background-image":"","background-repeat":"repeat","background-position":"center center","background-size":"auto","background-attachment":"scroll","background-type":"","background-media":"","overlay-type":"","overlay-color":"","overlay-opacity":"","overlay-gradient":""},"tablet":{"background-color":"var(--ast-global-color-5)","background-image":"","background-repeat":"repeat","background-position":"center center","background-size":"auto","background-attachment":"scroll","background-type":"","background-media":"","overlay-type":"","overlay-color":"","overlay-opacity":"","overlay-gradient":""},"mobile":{"background-color":"var(--ast-global-color-5)","background-image":"","background-repeat":"repeat","background-position":"center center","background-size":"auto","background-attachment":"scroll","background-type":"","background-media":"","overlay-type":"","overlay-color":"","overlay-opacity":"","overlay-gradient":""}}},"product_brand":[],"product_cat":[491,68],"product_tag":[348],"class_list":{"0":"post-7653","1":"product","2":"type-product","3":"status-publish","4":"has-post-thumbnail","6":"product_cat-flodesmatare-gas","7":"product_cat-massflodesmatare","8":"product_tag-fox-thermal","9":"desktop-align-left","10":"tablet-align-left","11":"mobile-align-left","12":"ast-product-gallery-layout-horizontal","13":"ast-product-tabs-layout-horizontal","15":"first","16":"instock","17":"sale","18":"shipping-taxable","19":"purchasable","20":"product-type-simple"},"acf":[],"_links":{"self":[{"href":"https:\/\/kompauto.com\/no\/wp-json\/wp\/v2\/product\/7653","targetHints":{"allow":["GET"]}}],"collection":[{"href":"https:\/\/kompauto.com\/no\/wp-json\/wp\/v2\/product"}],"about":[{"href":"https:\/\/kompauto.com\/no\/wp-json\/wp\/v2\/types\/product"}],"version-history":[{"count":1,"href":"https:\/\/kompauto.com\/no\/wp-json\/wp\/v2\/product\/7653\/revisions"}],"predecessor-version":[{"id":18111,"href":"https:\/\/kompauto.com\/no\/wp-json\/wp\/v2\/product\/7653\/revisions\/18111"}],"wp:featuredmedia":[{"embeddable":true,"href":"https:\/\/kompauto.com\/no\/wp-json\/wp\/v2\/media\/5670"}],"wp:attachment":[{"href":"https:\/\/kompauto.com\/no\/wp-json\/wp\/v2\/media?parent=7653"}],"wp:term":[{"taxonomy":"product_brand","embeddable":true,"href":"https:\/\/kompauto.com\/no\/wp-json\/wp\/v2\/product_brand?post=7653"},{"taxonomy":"product_cat","embeddable":true,"href":"https:\/\/kompauto.com\/no\/wp-json\/wp\/v2\/product_cat?post=7653"},{"taxonomy":"product_tag","embeddable":true,"href":"https:\/\/kompauto.com\/no\/wp-json\/wp\/v2\/product_tag?post=7653"}],"curies":[{"name":"wp","href":"https:\/\/api.w.org\/{rel}","templated":true}]}}