{"id":7578,"date":"2023-06-08T09:24:16","date_gmt":"2023-06-08T09:24:16","guid":{"rendered":"https:\/\/kompauto.com\/?post_type=product&#038;p=7578"},"modified":"2025-04-08T12:25:19","modified_gmt":"2025-04-08T12:25:19","slug":"luftkontroll-700","status":"publish","type":"product","link":"https:\/\/kompauto.com\/no\/produkt\/luftkontroll-700\/","title":{"rendered":"Control Air 700"},"content":{"rendered":"<p>Modell 700 er utviklet for bruksomr\u00e5der som krever h\u00f8y gjennomstr\u00f8mningskapasitet og presis kontroll.<\/p>\n<p>Modell 700-regulatoren er uf\u00f8lsom for str\u00f8mningsvariasjoner og leverer et n\u00f8yaktig og stabilt sekund\u00e6rtrykk selv n\u00e5r str\u00f8mningshastigheten over regulatoren \u00f8ker eller minker betydelig.<\/p>\n<p>Regulatoren kan leveres med tilbakeslagsventil og et hus helt i syrefast st\u00e5l.<\/p>\n<p>&nbsp;<\/p>","protected":false},"excerpt":{"rendered":"<p>H\u00f8y str\u00f8mningskapasitet og presis regulator<\/p>","protected":false},"featured_media":10386,"template":"","meta":{"_acf_changed":false,"content-type":"","site-sidebar-layout":"default","site-content-layout":"default","ast-site-content-layout":"default","site-content-style":"default","site-sidebar-style":"default","ast-global-header-display":"","ast-banner-title-visibility":"","ast-main-header-display":"","ast-hfb-above-header-display":"","ast-hfb-below-header-display":"","ast-hfb-mobile-header-display":"","site-post-title":"","ast-breadcrumbs-content":"","ast-featured-img":"","footer-sml-layout":"","theme-transparent-header-meta":"default","adv-header-id-meta":"","stick-header-meta":"default","header-above-stick-meta":"","header-main-stick-meta":"","header-below-stick-meta":"","astra-migrate-meta-layouts":"set","ast-page-background-enabled":"default","ast-page-background-meta":{"desktop":{"background-color":"","background-image":"","background-repeat":"repeat","background-position":"center center","background-size":"auto","background-attachment":"scroll","background-type":"","background-media":"","overlay-type":"","overlay-color":"","overlay-opacity":"","overlay-gradient":""},"tablet":{"background-color":"","background-image":"","background-repeat":"repeat","background-position":"center center","background-size":"auto","background-attachment":"scroll","background-type":"","background-media":"","overlay-type":"","overlay-color":"","overlay-opacity":"","overlay-gradient":""},"mobile":{"background-color":"","background-image":"","background-repeat":"repeat","background-position":"center center","background-size":"auto","background-attachment":"scroll","background-type":"","background-media":"","overlay-type":"","overlay-color":"","overlay-opacity":"","overlay-gradient":""}},"ast-content-background-meta":{"desktop":{"background-color":"var(--ast-global-color-5)","background-image":"","background-repeat":"repeat","background-position":"center center","background-size":"auto","background-attachment":"scroll","background-type":"","background-media":"","overlay-type":"","overlay-color":"","overlay-opacity":"","overlay-gradient":""},"tablet":{"background-color":"var(--ast-global-color-5)","background-image":"","background-repeat":"repeat","background-position":"center center","background-size":"auto","background-attachment":"scroll","background-type":"","background-media":"","overlay-type":"","overlay-color":"","overlay-opacity":"","overlay-gradient":""},"mobile":{"background-color":"var(--ast-global-color-5)","background-image":"","background-repeat":"repeat","background-position":"center center","background-size":"auto","background-attachment":"scroll","background-type":"","background-media":"","overlay-type":"","overlay-color":"","overlay-opacity":"","overlay-gradient":""}}},"product_brand":[],"product_cat":[88],"product_tag":[347],"class_list":{"0":"post-7578","1":"product","2":"type-product","3":"status-publish","4":"has-post-thumbnail","6":"product_cat-tryckregulatorer-manuella","7":"product_tag-controlair","8":"desktop-align-left","9":"tablet-align-left","10":"mobile-align-left","11":"ast-product-gallery-layout-horizontal","12":"ast-product-gallery-with-no-image","13":"ast-product-tabs-layout-horizontal","15":"first","16":"instock","17":"sale","18":"shipping-taxable","19":"purchasable","20":"product-type-simple"},"acf":[],"_links":{"self":[{"href":"https:\/\/kompauto.com\/no\/wp-json\/wp\/v2\/product\/7578","targetHints":{"allow":["GET"]}}],"collection":[{"href":"https:\/\/kompauto.com\/no\/wp-json\/wp\/v2\/product"}],"about":[{"href":"https:\/\/kompauto.com\/no\/wp-json\/wp\/v2\/types\/product"}],"version-history":[{"count":1,"href":"https:\/\/kompauto.com\/no\/wp-json\/wp\/v2\/product\/7578\/revisions"}],"predecessor-version":[{"id":17596,"href":"https:\/\/kompauto.com\/no\/wp-json\/wp\/v2\/product\/7578\/revisions\/17596"}],"wp:featuredmedia":[{"embeddable":true,"href":"https:\/\/kompauto.com\/no\/wp-json\/wp\/v2\/media\/10386"}],"wp:attachment":[{"href":"https:\/\/kompauto.com\/no\/wp-json\/wp\/v2\/media?parent=7578"}],"wp:term":[{"taxonomy":"product_brand","embeddable":true,"href":"https:\/\/kompauto.com\/no\/wp-json\/wp\/v2\/product_brand?post=7578"},{"taxonomy":"product_cat","embeddable":true,"href":"https:\/\/kompauto.com\/no\/wp-json\/wp\/v2\/product_cat?post=7578"},{"taxonomy":"product_tag","embeddable":true,"href":"https:\/\/kompauto.com\/no\/wp-json\/wp\/v2\/product_tag?post=7578"}],"curies":[{"name":"wp","href":"https:\/\/api.w.org\/{rel}","templated":true}]}}