{"id":7502,"date":"2023-06-08T09:23:50","date_gmt":"2023-06-08T09:23:50","guid":{"rendered":"https:\/\/kompauto.com\/?post_type=product&#038;p=7502"},"modified":"2024-03-07T10:33:05","modified_gmt":"2024-03-07T10:33:05","slug":"sikkerhetsventiler","status":"publish","type":"product","link":"https:\/\/kompauto.com\/no\/produkt\/sikkerhetsventiler\/","title":{"rendered":"Sikkerhetsventiler"},"content":{"rendered":"<p>Sikkerhetsventiler for h\u00f8yt og lavt trykk.<\/p>\n<p>Trykkbeholdere i bedrifter og institusjoner<br \/>\nkan v\u00e6re lufttanker og varmtvannsberedere og har<br \/>\nvanligvis sikkerhetsutstyr for \u00e5 forhindre<br \/>\ntrykket i beholderen blir s\u00e5 h\u00f8yt at trykkbeholderen sprekker og<br \/>\ni verste fall eksploderer.<\/p>\n<p>Det vanligste sikkerhetsutstyret mot overdreven<br \/>\narbeidstrykk er en sikkerhetsventil.<\/p>\n<p>V\u00e5re sikkerhetsventiler oppfyller de h\u00f8yeste standarder for kvalitet og sikkerhet og leveres med individuelle CE-sertifikater.<\/p>\n<p>De fleste modellene kan leveres i helt rustfritt st\u00e5l eller med messinghus og gassber\u00f8rte deler i syrefast st\u00e5l, i tillegg til et stort utvalg av ulike tetningsmaterialer.<\/p>\n<p>P\u00e5 foresp\u00f8rsel kan sikkerhetsventilene leveres testet og godkjent av ISPELS, T\u00dcV, Norske Veritas, RINA, ABS og Lloyd register.<\/p>\n<p>Ikke n\u00f8l med \u00e5 kontakte Kompauto hvis du har spesielle \u00f8nsker om sikkerhetsventilens design og funksjon.<\/p>","protected":false},"excerpt":{"rendered":"<p>Sikkerhetsventiler for h\u00f8yt og lavt trykk.<\/p>","protected":false},"featured_media":5228,"template":"","meta":{"_acf_changed":false,"content-type":"","site-sidebar-layout":"default","site-content-layout":"default","ast-site-content-layout":"default","site-content-style":"default","site-sidebar-style":"default","ast-global-header-display":"","ast-banner-title-visibility":"","ast-main-header-display":"","ast-hfb-above-header-display":"","ast-hfb-below-header-display":"","ast-hfb-mobile-header-display":"","site-post-title":"","ast-breadcrumbs-content":"","ast-featured-img":"","footer-sml-layout":"","theme-transparent-header-meta":"default","adv-header-id-meta":"","stick-header-meta":"default","header-above-stick-meta":"","header-main-stick-meta":"","header-below-stick-meta":"","astra-migrate-meta-layouts":"set","ast-page-background-enabled":"default","ast-page-background-meta":{"desktop":{"background-color":"","background-image":"","background-repeat":"repeat","background-position":"center center","background-size":"auto","background-attachment":"scroll","background-type":"","background-media":"","overlay-type":"","overlay-color":"","overlay-opacity":"","overlay-gradient":""},"tablet":{"background-color":"","background-image":"","background-repeat":"repeat","background-position":"center center","background-size":"auto","background-attachment":"scroll","background-type":"","background-media":"","overlay-type":"","overlay-color":"","overlay-opacity":"","overlay-gradient":""},"mobile":{"background-color":"","background-image":"","background-repeat":"repeat","background-position":"center center","background-size":"auto","background-attachment":"scroll","background-type":"","background-media":"","overlay-type":"","overlay-color":"","overlay-opacity":"","overlay-gradient":""}},"ast-content-background-meta":{"desktop":{"background-color":"var(--ast-global-color-5)","background-image":"","background-repeat":"repeat","background-position":"center center","background-size":"auto","background-attachment":"scroll","background-type":"","background-media":"","overlay-type":"","overlay-color":"","overlay-opacity":"","overlay-gradient":""},"tablet":{"background-color":"var(--ast-global-color-5)","background-image":"","background-repeat":"repeat","background-position":"center center","background-size":"auto","background-attachment":"scroll","background-type":"","background-media":"","overlay-type":"","overlay-color":"","overlay-opacity":"","overlay-gradient":""},"mobile":{"background-color":"var(--ast-global-color-5)","background-image":"","background-repeat":"repeat","background-position":"center center","background-size":"auto","background-attachment":"scroll","background-type":"","background-media":"","overlay-type":"","overlay-color":"","overlay-opacity":"","overlay-gradient":""}}},"product_brand":[],"product_cat":[82],"product_tag":[],"class_list":{"0":"post-7502","1":"product","2":"type-product","3":"status-publish","4":"has-post-thumbnail","6":"product_cat-sakerhetsventiler","7":"desktop-align-left","8":"tablet-align-left","9":"mobile-align-left","10":"ast-product-gallery-layout-horizontal","11":"ast-product-gallery-with-no-image","12":"ast-product-tabs-layout-horizontal","14":"first","15":"instock","16":"sale","17":"shipping-taxable","18":"purchasable","19":"product-type-simple"},"acf":[],"_links":{"self":[{"href":"https:\/\/kompauto.com\/no\/wp-json\/wp\/v2\/product\/7502","targetHints":{"allow":["GET"]}}],"collection":[{"href":"https:\/\/kompauto.com\/no\/wp-json\/wp\/v2\/product"}],"about":[{"href":"https:\/\/kompauto.com\/no\/wp-json\/wp\/v2\/types\/product"}],"version-history":[{"count":0,"href":"https:\/\/kompauto.com\/no\/wp-json\/wp\/v2\/product\/7502\/revisions"}],"wp:featuredmedia":[{"embeddable":true,"href":"https:\/\/kompauto.com\/no\/wp-json\/wp\/v2\/media\/5228"}],"wp:attachment":[{"href":"https:\/\/kompauto.com\/no\/wp-json\/wp\/v2\/media?parent=7502"}],"wp:term":[{"taxonomy":"product_brand","embeddable":true,"href":"https:\/\/kompauto.com\/no\/wp-json\/wp\/v2\/product_brand?post=7502"},{"taxonomy":"product_cat","embeddable":true,"href":"https:\/\/kompauto.com\/no\/wp-json\/wp\/v2\/product_cat?post=7502"},{"taxonomy":"product_tag","embeddable":true,"href":"https:\/\/kompauto.com\/no\/wp-json\/wp\/v2\/product_tag?post=7502"}],"curies":[{"name":"wp","href":"https:\/\/api.w.org\/{rel}","templated":true}]}}