{"id":7458,"date":"2023-06-08T09:23:20","date_gmt":"2023-06-08T09:23:20","guid":{"rendered":"https:\/\/kompauto.com\/?post_type=product&#038;p=7458"},"modified":"2026-01-12T14:03:57","modified_gmt":"2026-01-12T14:03:57","slug":"kobold-dih","status":"publish","type":"product","link":"https:\/\/kompauto.com\/no\/produkt\/kobold-dih\/","title":{"rendered":"Kobold DIH"},"content":{"rendered":"<p>Kobold DIH roterende str\u00f8mningsindikator.<br \/>\nDIH-serien har en klar r\u00f8d rotor som gir en visuell indikasjon p\u00e5 gjennomstr\u00f8mningen.<br \/>\nDen er tilgjengelig i messing, syrefast st\u00e5l og plastmaterialer.<\/p>","protected":false},"excerpt":{"rendered":"<p>Kompakt str\u00f8mningsindikator i forskjellige materialer<\/p>","protected":false},"featured_media":15008,"template":"","meta":{"_acf_changed":false,"content-type":"","site-sidebar-layout":"default","site-content-layout":"default","ast-site-content-layout":"default","site-content-style":"default","site-sidebar-style":"default","ast-global-header-display":"","ast-banner-title-visibility":"","ast-main-header-display":"","ast-hfb-above-header-display":"","ast-hfb-below-header-display":"","ast-hfb-mobile-header-display":"","site-post-title":"","ast-breadcrumbs-content":"","ast-featured-img":"","footer-sml-layout":"","theme-transparent-header-meta":"default","adv-header-id-meta":"","stick-header-meta":"default","header-above-stick-meta":"","header-main-stick-meta":"","header-below-stick-meta":"","astra-migrate-meta-layouts":"set","ast-page-background-enabled":"default","ast-page-background-meta":{"desktop":{"background-color":"","background-image":"","background-repeat":"repeat","background-position":"center center","background-size":"auto","background-attachment":"scroll","background-type":"","background-media":"","overlay-type":"","overlay-color":"","overlay-opacity":"","overlay-gradient":""},"tablet":{"background-color":"","background-image":"","background-repeat":"repeat","background-position":"center center","background-size":"auto","background-attachment":"scroll","background-type":"","background-media":"","overlay-type":"","overlay-color":"","overlay-opacity":"","overlay-gradient":""},"mobile":{"background-color":"","background-image":"","background-repeat":"repeat","background-position":"center center","background-size":"auto","background-attachment":"scroll","background-type":"","background-media":"","overlay-type":"","overlay-color":"","overlay-opacity":"","overlay-gradient":""}},"ast-content-background-meta":{"desktop":{"background-color":"var(--ast-global-color-5)","background-image":"","background-repeat":"repeat","background-position":"center center","background-size":"auto","background-attachment":"scroll","background-type":"","background-media":"","overlay-type":"","overlay-color":"","overlay-opacity":"","overlay-gradient":""},"tablet":{"background-color":"var(--ast-global-color-5)","background-image":"","background-repeat":"repeat","background-position":"center center","background-size":"auto","background-attachment":"scroll","background-type":"","background-media":"","overlay-type":"","overlay-color":"","overlay-opacity":"","overlay-gradient":""},"mobile":{"background-color":"var(--ast-global-color-5)","background-image":"","background-repeat":"repeat","background-position":"center center","background-size":"auto","background-attachment":"scroll","background-type":"","background-media":"","overlay-type":"","overlay-color":"","overlay-opacity":"","overlay-gradient":""}}},"product_brand":[],"product_cat":[70,489],"product_tag":[353],"class_list":{"0":"post-7458","1":"product","2":"type-product","3":"status-publish","4":"has-post-thumbnail","6":"product_cat-flodesindikatorer","7":"product_cat-flodesmatare-vatskor","8":"product_tag-kobold-messring","9":"desktop-align-left","10":"tablet-align-left","11":"mobile-align-left","12":"ast-product-gallery-layout-horizontal","13":"ast-product-gallery-with-no-image","14":"ast-product-tabs-layout-horizontal","16":"first","17":"instock","18":"sale","19":"shipping-taxable","20":"purchasable","21":"product-type-simple"},"acf":[],"_links":{"self":[{"href":"https:\/\/kompauto.com\/no\/wp-json\/wp\/v2\/product\/7458","targetHints":{"allow":["GET"]}}],"collection":[{"href":"https:\/\/kompauto.com\/no\/wp-json\/wp\/v2\/product"}],"about":[{"href":"https:\/\/kompauto.com\/no\/wp-json\/wp\/v2\/types\/product"}],"version-history":[{"count":1,"href":"https:\/\/kompauto.com\/no\/wp-json\/wp\/v2\/product\/7458\/revisions"}],"predecessor-version":[{"id":18170,"href":"https:\/\/kompauto.com\/no\/wp-json\/wp\/v2\/product\/7458\/revisions\/18170"}],"wp:featuredmedia":[{"embeddable":true,"href":"https:\/\/kompauto.com\/no\/wp-json\/wp\/v2\/media\/15008"}],"wp:attachment":[{"href":"https:\/\/kompauto.com\/no\/wp-json\/wp\/v2\/media?parent=7458"}],"wp:term":[{"taxonomy":"product_brand","embeddable":true,"href":"https:\/\/kompauto.com\/no\/wp-json\/wp\/v2\/product_brand?post=7458"},{"taxonomy":"product_cat","embeddable":true,"href":"https:\/\/kompauto.com\/no\/wp-json\/wp\/v2\/product_cat?post=7458"},{"taxonomy":"product_tag","embeddable":true,"href":"https:\/\/kompauto.com\/no\/wp-json\/wp\/v2\/product_tag?post=7458"}],"curies":[{"name":"wp","href":"https:\/\/api.w.org\/{rel}","templated":true}]}}