{"id":7435,"date":"2023-06-08T09:23:09","date_gmt":"2023-06-08T09:23:09","guid":{"rendered":"https:\/\/kompauto.com\/?post_type=product&#038;p=7435"},"modified":"2026-01-12T14:10:09","modified_gmt":"2026-01-12T14:10:09","slug":"alicat-l","status":"publish","type":"product","link":"https:\/\/kompauto.com\/no\/produkt\/alicat-l\/","title":{"rendered":"ALICAT L"},"content":{"rendered":"<p>Alicats L v\u00e4tskefl\u00f6desm\u00e4tare ger noggrann fl\u00f6desm\u00e4tning f\u00f6r vatten eller andra v\u00e4tskor. Alla v\u00e4tskefl\u00f6desinstrument inkluderar s\u00e5 kallade &#8221;bleed screw&#8221; f\u00f6r enkel avl\u00e4gsnande av luftfickor.<\/p>\n<p>For v\u00e6skestr\u00f8mningsm\u00e5ling uten tilbakeslagsventil kan du velge L-serien med hurtige v\u00e6skestr\u00f8mningsm\u00e5lere, som m\u00e5ler str\u00f8mning, trykk og temperatur i sanntid. LB-serien v\u00e5r har i tillegg et oppladbart batteri for enkel gjennomgang av v\u00e6skestr\u00f8mmer utenfor laboratoriet. Hvis du er p\u00e5 utkikk etter m\u00e5lere med regulering, b\u00f8r du ta en titt p\u00e5 LC-serien v\u00e5r.<\/p>","protected":false},"excerpt":{"rendered":"<p>V\u00e6skemengdem\u00e5ler<\/p>","protected":false},"featured_media":5021,"template":"","meta":{"_acf_changed":false,"content-type":"","site-sidebar-layout":"default","site-content-layout":"default","ast-site-content-layout":"default","site-content-style":"default","site-sidebar-style":"default","ast-global-header-display":"","ast-banner-title-visibility":"","ast-main-header-display":"","ast-hfb-above-header-display":"","ast-hfb-below-header-display":"","ast-hfb-mobile-header-display":"","site-post-title":"","ast-breadcrumbs-content":"","ast-featured-img":"","footer-sml-layout":"","theme-transparent-header-meta":"default","adv-header-id-meta":"","stick-header-meta":"default","header-above-stick-meta":"","header-main-stick-meta":"","header-below-stick-meta":"","astra-migrate-meta-layouts":"set","ast-page-background-enabled":"default","ast-page-background-meta":{"desktop":{"background-color":"","background-image":"","background-repeat":"repeat","background-position":"center center","background-size":"auto","background-attachment":"scroll","background-type":"","background-media":"","overlay-type":"","overlay-color":"","overlay-opacity":"","overlay-gradient":""},"tablet":{"background-color":"","background-image":"","background-repeat":"repeat","background-position":"center center","background-size":"auto","background-attachment":"scroll","background-type":"","background-media":"","overlay-type":"","overlay-color":"","overlay-opacity":"","overlay-gradient":""},"mobile":{"background-color":"","background-image":"","background-repeat":"repeat","background-position":"center center","background-size":"auto","background-attachment":"scroll","background-type":"","background-media":"","overlay-type":"","overlay-color":"","overlay-opacity":"","overlay-gradient":""}},"ast-content-background-meta":{"desktop":{"background-color":"var(--ast-global-color-5)","background-image":"","background-repeat":"repeat","background-position":"center center","background-size":"auto","background-attachment":"scroll","background-type":"","background-media":"","overlay-type":"","overlay-color":"","overlay-opacity":"","overlay-gradient":""},"tablet":{"background-color":"var(--ast-global-color-5)","background-image":"","background-repeat":"repeat","background-position":"center center","background-size":"auto","background-attachment":"scroll","background-type":"","background-media":"","overlay-type":"","overlay-color":"","overlay-opacity":"","overlay-gradient":""},"mobile":{"background-color":"var(--ast-global-color-5)","background-image":"","background-repeat":"repeat","background-position":"center center","background-size":"auto","background-attachment":"scroll","background-type":"","background-media":"","overlay-type":"","overlay-color":"","overlay-opacity":"","overlay-gradient":""}}},"product_brand":[],"product_cat":[375,489],"product_tag":[345],"class_list":{"0":"post-7435","1":"product","2":"type-product","3":"status-publish","4":"has-post-thumbnail","6":"product_cat-vatska","7":"product_cat-flodesmatare-vatskor","8":"product_tag-alicat-scientific","9":"desktop-align-left","10":"tablet-align-left","11":"mobile-align-left","12":"ast-product-gallery-layout-horizontal","13":"ast-product-gallery-with-no-image","14":"ast-product-tabs-layout-horizontal","16":"first","17":"instock","18":"sale","19":"shipping-taxable","20":"purchasable","21":"product-type-simple"},"acf":[],"_links":{"self":[{"href":"https:\/\/kompauto.com\/no\/wp-json\/wp\/v2\/product\/7435","targetHints":{"allow":["GET"]}}],"collection":[{"href":"https:\/\/kompauto.com\/no\/wp-json\/wp\/v2\/product"}],"about":[{"href":"https:\/\/kompauto.com\/no\/wp-json\/wp\/v2\/types\/product"}],"version-history":[{"count":1,"href":"https:\/\/kompauto.com\/no\/wp-json\/wp\/v2\/product\/7435\/revisions"}],"predecessor-version":[{"id":17681,"href":"https:\/\/kompauto.com\/no\/wp-json\/wp\/v2\/product\/7435\/revisions\/17681"}],"wp:featuredmedia":[{"embeddable":true,"href":"https:\/\/kompauto.com\/no\/wp-json\/wp\/v2\/media\/5021"}],"wp:attachment":[{"href":"https:\/\/kompauto.com\/no\/wp-json\/wp\/v2\/media?parent=7435"}],"wp:term":[{"taxonomy":"product_brand","embeddable":true,"href":"https:\/\/kompauto.com\/no\/wp-json\/wp\/v2\/product_brand?post=7435"},{"taxonomy":"product_cat","embeddable":true,"href":"https:\/\/kompauto.com\/no\/wp-json\/wp\/v2\/product_cat?post=7435"},{"taxonomy":"product_tag","embeddable":true,"href":"https:\/\/kompauto.com\/no\/wp-json\/wp\/v2\/product_tag?post=7435"}],"curies":[{"name":"wp","href":"https:\/\/api.w.org\/{rel}","templated":true}]}}