{"id":5798,"date":"2023-06-02T10:42:33","date_gmt":"2023-06-02T10:42:33","guid":{"rendered":"https:\/\/kompauto.com\/?post_type=product&#038;p=5798"},"modified":"2025-03-18T20:18:22","modified_gmt":"2025-03-18T20:18:22","slug":"suto-s220","status":"publish","type":"product","link":"https:\/\/kompauto.com\/no\/produkt\/suto-s220\/","title":{"rendered":"SUTO S220 Duggpunktsensor"},"content":{"rendered":"<p>SUTO iTECs duggpunktsensor S220 gir p\u00e5litelig og stabil overv\u00e5king av duggpunktet i trykkluftsystemer eller ved overv\u00e5king av gass. Den har et analogt utgangssignal p\u00e5 4..20mA i sanntid, men ogs\u00e5 mulighet for Modbus. Mulighet for visning av duggpunkt p\u00e5 display.<\/p>","protected":false},"excerpt":{"rendered":"<p>M\u00e5leomr\u00e5de -100...+20 \u00b0C<\/p>","protected":false},"featured_media":7706,"template":"","meta":{"_acf_changed":false,"content-type":"","site-sidebar-layout":"default","site-content-layout":"default","ast-site-content-layout":"default","site-content-style":"default","site-sidebar-style":"default","ast-global-header-display":"","ast-banner-title-visibility":"","ast-main-header-display":"","ast-hfb-above-header-display":"","ast-hfb-below-header-display":"","ast-hfb-mobile-header-display":"","site-post-title":"","ast-breadcrumbs-content":"","ast-featured-img":"","footer-sml-layout":"","theme-transparent-header-meta":"default","adv-header-id-meta":"","stick-header-meta":"default","header-above-stick-meta":"","header-main-stick-meta":"","header-below-stick-meta":"","astra-migrate-meta-layouts":"set","ast-page-background-enabled":"default","ast-page-background-meta":{"desktop":{"background-color":"","background-image":"","background-repeat":"repeat","background-position":"center center","background-size":"auto","background-attachment":"scroll","background-type":"","background-media":"","overlay-type":"","overlay-color":"","overlay-opacity":"","overlay-gradient":""},"tablet":{"background-color":"","background-image":"","background-repeat":"repeat","background-position":"center center","background-size":"auto","background-attachment":"scroll","background-type":"","background-media":"","overlay-type":"","overlay-color":"","overlay-opacity":"","overlay-gradient":""},"mobile":{"background-color":"","background-image":"","background-repeat":"repeat","background-position":"center center","background-size":"auto","background-attachment":"scroll","background-type":"","background-media":"","overlay-type":"","overlay-color":"","overlay-opacity":"","overlay-gradient":""}},"ast-content-background-meta":{"desktop":{"background-color":"var(--ast-global-color-5)","background-image":"","background-repeat":"repeat","background-position":"center center","background-size":"auto","background-attachment":"scroll","background-type":"","background-media":"","overlay-type":"","overlay-color":"","overlay-opacity":"","overlay-gradient":""},"tablet":{"background-color":"var(--ast-global-color-5)","background-image":"","background-repeat":"repeat","background-position":"center center","background-size":"auto","background-attachment":"scroll","background-type":"","background-media":"","overlay-type":"","overlay-color":"","overlay-opacity":"","overlay-gradient":""},"mobile":{"background-color":"var(--ast-global-color-5)","background-image":"","background-repeat":"repeat","background-position":"center center","background-size":"auto","background-attachment":"scroll","background-type":"","background-media":"","overlay-type":"","overlay-color":"","overlay-opacity":"","overlay-gradient":""}}},"product_brand":[],"product_cat":[103,105],"product_tag":[355],"class_list":{"0":"post-5798","1":"product","2":"type-product","3":"status-publish","4":"has-post-thumbnail","6":"product_cat-daggpunktsgivare","7":"product_cat-tryckluft","8":"product_tag-suto-itec","9":"pa_display-ja","10":"pa_display-nej","11":"pa_kablage-10m","12":"pa_kablage-5m","13":"pa_kablage-annan-langd","14":"pa_matkammare-for-hogre-tryck","15":"pa_matkammare-med-by-pass","16":"pa_matkammare-utan-by-pass","17":"pa_utsignal-2-trad-analog","18":"pa_utsignal-3-trad-analog","19":"pa_utsignal-3-trad-analog-och-modbus","20":"pa_utsignal-3-trad-analog-och-modbus-med-trycksensor","21":"desktop-align-left","22":"tablet-align-left","23":"mobile-align-left","24":"ast-product-gallery-layout-horizontal","25":"ast-product-tabs-layout-horizontal","27":"first","28":"instock","29":"sale","30":"shipping-taxable","31":"purchasable","32":"product-type-simple"},"acf":[],"_links":{"self":[{"href":"https:\/\/kompauto.com\/no\/wp-json\/wp\/v2\/product\/5798","targetHints":{"allow":["GET"]}}],"collection":[{"href":"https:\/\/kompauto.com\/no\/wp-json\/wp\/v2\/product"}],"about":[{"href":"https:\/\/kompauto.com\/no\/wp-json\/wp\/v2\/types\/product"}],"version-history":[{"count":2,"href":"https:\/\/kompauto.com\/no\/wp-json\/wp\/v2\/product\/5798\/revisions"}],"predecessor-version":[{"id":17531,"href":"https:\/\/kompauto.com\/no\/wp-json\/wp\/v2\/product\/5798\/revisions\/17531"}],"wp:featuredmedia":[{"embeddable":true,"href":"https:\/\/kompauto.com\/no\/wp-json\/wp\/v2\/media\/7706"}],"wp:attachment":[{"href":"https:\/\/kompauto.com\/no\/wp-json\/wp\/v2\/media?parent=5798"}],"wp:term":[{"taxonomy":"product_brand","embeddable":true,"href":"https:\/\/kompauto.com\/no\/wp-json\/wp\/v2\/product_brand?post=5798"},{"taxonomy":"product_cat","embeddable":true,"href":"https:\/\/kompauto.com\/no\/wp-json\/wp\/v2\/product_cat?post=5798"},{"taxonomy":"product_tag","embeddable":true,"href":"https:\/\/kompauto.com\/no\/wp-json\/wp\/v2\/product_tag?post=5798"}],"curies":[{"name":"wp","href":"https:\/\/api.w.org\/{rel}","templated":true}]}}