{"id":18230,"date":"2026-01-21T09:05:15","date_gmt":"2026-01-21T09:05:15","guid":{"rendered":"https:\/\/kompauto.com\/?post_type=product&#038;p=18230"},"modified":"2026-01-21T09:07:42","modified_gmt":"2026-01-21T09:07:42","slug":"wtu-tradlos-overforingsenhet","status":"publish","type":"product","link":"https:\/\/kompauto.com\/no\/produkt\/wtu-tradlos-overforingsenhet\/","title":{"rendered":"WTU tr\u00e5dl\u00f8s dataoverf\u00f8ringsenhet"},"content":{"rendered":"<p data-start=\"409\" data-end=\"829\">WTU (Wireless Transmission Unit) er en fleksibel og robust tr\u00e5dl\u00f8s kommunikasjonsl\u00f8sning fra SUTO iTEC som erstatter tradisjonell kabling mellom Modbus master- og slaveenheter. Ved bruk av ISM-b\u00e5ndkommunikasjon muliggj\u00f8r WTU sikker dataoverf\u00f8ring over lange avstander fra sensorer, dataloggere og gateways \u2013 ideelt for applikasjoner der kabelf\u00f8ring er vanskelig eller kostbar.<\/p>\n<p data-start=\"831\" data-end=\"852\"><strong data-start=\"831\" data-end=\"852\">N\u00f8kkelfunksjoner:<\/strong><\/p>\n<ul data-start=\"853\" data-end=\"1556\">\n<li data-start=\"853\" data-end=\"957\">\n<p data-start=\"855\" data-end=\"957\">Tr\u00e5dl\u00f8s kommunikasjon via ISM-b\u00e5ndet \u2013 dekker lange avstander<\/p>\n<\/li>\n<li data-start=\"958\" data-end=\"1150\">\n<p data-start=\"960\" data-end=\"1150\" class=\"translation-block\">Tilgjengelig i tre modeller:\n\n\u2022 WTU-S \u2013 stasjon\u00e6r enhet\n\u2022 WTU-P \u2013 b\u00e6rbar, batteridrevet enhet\n\u2022 WTU-PM \u2013 masterenhet for mobile systemer (f.eks. S551)<\/p>\n<\/li>\n<li data-start=\"1151\" data-end=\"1248\">\n<p data-start=\"1153\" data-end=\"1248\" class=\"translation-block\">St\u00f8tter Modbus RTU, opptil 16 enheter per master<\/p>\n<\/li>\n<li data-start=\"1249\" data-end=\"1342\">\n<p data-start=\"1251\" data-end=\"1342\" class=\"translation-block\">AES 128-bit kryptering for sikker dataoverf\u00f8ring<\/p>\n<\/li>\n<li data-start=\"1343\" data-end=\"1467\">\n<p data-start=\"1345\" data-end=\"1467\" class=\"translation-block\">Enkel konfigurering via S4C-WTU mobilapp og repeater-modus for utvidet rekkevidde<\/p>\n<\/li>\n<li data-start=\"1468\" data-end=\"1556\">\n<p data-start=\"1470\" data-end=\"1556\">Robust kapsling med IP65-klassifisering for industrielle milj\u00f8er<\/p>\n<\/li>\n<\/ul>\n<p data-start=\"1558\" data-end=\"1861\"><strong data-start=\"1558\" data-end=\"1581\">Bruksomr\u00e5der:<\/strong><\/p>\n<p>\u2714 Stora eller utspridda tryckluftsn\u00e4t d\u00e4r kablage \u00e4r opraktiskt.<br data-start=\"1683\" data-end=\"1686\" \/>\u2714 Industriella anl\u00e4ggningar med flera byggnader.<br data-start=\"1771\" data-end=\"1774\" \/>\u2714 Mobila m\u00e4tsystem och tempor\u00e4ra installationer.<\/p>\n<p data-start=\"1863\" data-end=\"2050\"><strong data-start=\"1863\" data-end=\"1882\">Sammanfattning:<\/strong><br data-start=\"1882\" data-end=\"1885\" \/>WTU \u00e4r en kostnadseffektiv och skalbar tr\u00e5dl\u00f6s l\u00f6sning som f\u00f6renklar installation, ger flexibel anslutning och s\u00e4krar p\u00e5litlig data\u00f6verf\u00f6ring i avancerade m\u00e4tsystem.<\/p>","protected":false},"excerpt":{"rendered":"<p>Effektiv og sikker tr\u00e5dl\u00f8s dataoverf\u00f8ring for Modbus-systemer<\/p>","protected":false},"featured_media":18232,"template":"","meta":{"_acf_changed":false,"content-type":"","site-sidebar-layout":"default","site-content-layout":"","ast-site-content-layout":"default","site-content-style":"default","site-sidebar-style":"default","ast-global-header-display":"","ast-banner-title-visibility":"","ast-main-header-display":"","ast-hfb-above-header-display":"","ast-hfb-below-header-display":"","ast-hfb-mobile-header-display":"","site-post-title":"","ast-breadcrumbs-content":"","ast-featured-img":"","footer-sml-layout":"","theme-transparent-header-meta":"default","adv-header-id-meta":"","stick-header-meta":"","header-above-stick-meta":"","header-main-stick-meta":"","header-below-stick-meta":"","astra-migrate-meta-layouts":"set","ast-page-background-enabled":"default","ast-page-background-meta":{"desktop":{"background-color":"","background-image":"","background-repeat":"repeat","background-position":"center center","background-size":"auto","background-attachment":"scroll","background-type":"","background-media":"","overlay-type":"","overlay-color":"","overlay-opacity":"","overlay-gradient":""},"tablet":{"background-color":"","background-image":"","background-repeat":"repeat","background-position":"center center","background-size":"auto","background-attachment":"scroll","background-type":"","background-media":"","overlay-type":"","overlay-color":"","overlay-opacity":"","overlay-gradient":""},"mobile":{"background-color":"","background-image":"","background-repeat":"repeat","background-position":"center center","background-size":"auto","background-attachment":"scroll","background-type":"","background-media":"","overlay-type":"","overlay-color":"","overlay-opacity":"","overlay-gradient":""}},"ast-content-background-meta":{"desktop":{"background-color":"var(--ast-global-color-5)","background-image":"","background-repeat":"repeat","background-position":"center center","background-size":"auto","background-attachment":"scroll","background-type":"","background-media":"","overlay-type":"","overlay-color":"","overlay-opacity":"","overlay-gradient":""},"tablet":{"background-color":"var(--ast-global-color-5)","background-image":"","background-repeat":"repeat","background-position":"center center","background-size":"auto","background-attachment":"scroll","background-type":"","background-media":"","overlay-type":"","overlay-color":"","overlay-opacity":"","overlay-gradient":""},"mobile":{"background-color":"var(--ast-global-color-5)","background-image":"","background-repeat":"repeat","background-position":"center center","background-size":"auto","background-attachment":"scroll","background-type":"","background-media":"","overlay-type":"","overlay-color":"","overlay-opacity":"","overlay-gradient":""}}},"product_brand":[],"product_cat":[465],"product_tag":[355],"class_list":{"0":"post-18230","1":"product","2":"type-product","3":"status-publish","4":"has-post-thumbnail","6":"product_cat-gateways","7":"product_tag-suto-itec","8":"desktop-align-left","9":"tablet-align-left","10":"mobile-align-left","11":"ast-product-gallery-layout-horizontal","12":"ast-product-tabs-layout-horizontal","14":"first","15":"instock","16":"shipping-taxable","17":"product-type-simple"},"acf":[],"_links":{"self":[{"href":"https:\/\/kompauto.com\/no\/wp-json\/wp\/v2\/product\/18230","targetHints":{"allow":["GET"]}}],"collection":[{"href":"https:\/\/kompauto.com\/no\/wp-json\/wp\/v2\/product"}],"about":[{"href":"https:\/\/kompauto.com\/no\/wp-json\/wp\/v2\/types\/product"}],"version-history":[{"count":9,"href":"https:\/\/kompauto.com\/no\/wp-json\/wp\/v2\/product\/18230\/revisions"}],"predecessor-version":[{"id":18243,"href":"https:\/\/kompauto.com\/no\/wp-json\/wp\/v2\/product\/18230\/revisions\/18243"}],"wp:featuredmedia":[{"embeddable":true,"href":"https:\/\/kompauto.com\/no\/wp-json\/wp\/v2\/media\/18232"}],"wp:attachment":[{"href":"https:\/\/kompauto.com\/no\/wp-json\/wp\/v2\/media?parent=18230"}],"wp:term":[{"taxonomy":"product_brand","embeddable":true,"href":"https:\/\/kompauto.com\/no\/wp-json\/wp\/v2\/product_brand?post=18230"},{"taxonomy":"product_cat","embeddable":true,"href":"https:\/\/kompauto.com\/no\/wp-json\/wp\/v2\/product_cat?post=18230"},{"taxonomy":"product_tag","embeddable":true,"href":"https:\/\/kompauto.com\/no\/wp-json\/wp\/v2\/product_tag?post=18230"}],"curies":[{"name":"wp","href":"https:\/\/api.w.org\/{rel}","templated":true}]}}