{"id":16850,"date":"2024-09-23T06:58:49","date_gmt":"2024-09-23T06:58:49","guid":{"rendered":"https:\/\/kompauto.com\/?post_type=product&#038;p=16850"},"modified":"2026-01-12T13:23:07","modified_gmt":"2026-01-12T13:23:07","slug":"suto-s418-ss316l","status":"publish","type":"product","link":"https:\/\/kompauto.com\/no\/produkt\/suto-s418-ss316l\/","title":{"rendered":"SUTO S418 Flowm\u00e5ler for oksygen i syrefast st\u00e5l"},"content":{"rendered":"<p>Termisk massestr\u00f8msm\u00e5ler i materiale SS 316L \/ 1.4404 for m\u00e5ling av oksygen. Egnet for overv\u00e5king av O\u2082-applikasjoner der str\u00f8mningsm\u00e5ling er n\u00f8dvendig. Siden oksygen har egenskaper som kan utgj\u00f8re en sikkerhetsrisiko i kontakt med aluminium, er denne modellen spesifikt utviklet for \u00e5 h\u00e5ndtere oksygenm\u00e5ling, for eksempel i landbasert fiskeoppdrett. Den kompakte S418 str\u00f8mningsm\u00e5leren leveres i inline-versjon for dimensjoner mellom DN8 til DN32 og har en 4..20mA og pulsutgang. Modbus RTU eller M-Bus er tilgjengelig som tilvalg.<\/p>\n<p><span style=\"font-weight: 400;\">\u00a0\u00a0<\/span><\/p>\n<h2>Flowm\u00e5ler med flowdata via tr\u00e5dl\u00f8se IoT-sensorer<\/h2>\n<p>Alle instrumenter med et analogt utgangssignal kan ogs\u00e5 kobles til en El-Watch Neuron IoT-sensor, som tr\u00e5dl\u00f8st sender str\u00f8mningsdata til en gateway. Dataene sendes deretter videre via mobilnettet til en nettportal, hvor de kan analyseres i grafer og kobles med andre systemer og produkter via standardiserte API-n\u00f8kler. <a href=\"https:\/\/kompauto.com\/no\/elwatch\/\">Les mer om El-Watch IoT her...<\/a><\/p>","protected":false},"excerpt":{"rendered":"<p>Kompakt termisk masseflowm\u00e5ler i SS 316L \/ 1.4404 for oksygen (O2) med innebygd logger<\/p>","protected":false},"featured_media":16879,"template":"","meta":{"_acf_changed":false,"content-type":"","site-sidebar-layout":"default","site-content-layout":"","ast-site-content-layout":"default","site-content-style":"default","site-sidebar-style":"default","ast-global-header-display":"","ast-banner-title-visibility":"","ast-main-header-display":"","ast-hfb-above-header-display":"","ast-hfb-below-header-display":"","ast-hfb-mobile-header-display":"","site-post-title":"","ast-breadcrumbs-content":"","ast-featured-img":"","footer-sml-layout":"","theme-transparent-header-meta":"default","adv-header-id-meta":"","stick-header-meta":"","header-above-stick-meta":"","header-main-stick-meta":"","header-below-stick-meta":"","astra-migrate-meta-layouts":"set","ast-page-background-enabled":"default","ast-page-background-meta":{"desktop":{"background-color":"","background-image":"","background-repeat":"repeat","background-position":"center center","background-size":"auto","background-attachment":"scroll","background-type":"","background-media":"","overlay-type":"","overlay-color":"","overlay-opacity":"","overlay-gradient":""},"tablet":{"background-color":"","background-image":"","background-repeat":"repeat","background-position":"center center","background-size":"auto","background-attachment":"scroll","background-type":"","background-media":"","overlay-type":"","overlay-color":"","overlay-opacity":"","overlay-gradient":""},"mobile":{"background-color":"","background-image":"","background-repeat":"repeat","background-position":"center center","background-size":"auto","background-attachment":"scroll","background-type":"","background-media":"","overlay-type":"","overlay-color":"","overlay-opacity":"","overlay-gradient":""}},"ast-content-background-meta":{"desktop":{"background-color":"var(--ast-global-color-5)","background-image":"","background-repeat":"repeat","background-position":"center center","background-size":"auto","background-attachment":"scroll","background-type":"","background-media":"","overlay-type":"","overlay-color":"","overlay-opacity":"","overlay-gradient":""},"tablet":{"background-color":"var(--ast-global-color-5)","background-image":"","background-repeat":"repeat","background-position":"center center","background-size":"auto","background-attachment":"scroll","background-type":"","background-media":"","overlay-type":"","overlay-color":"","overlay-opacity":"","overlay-gradient":""},"mobile":{"background-color":"var(--ast-global-color-5)","background-image":"","background-repeat":"repeat","background-position":"center center","background-size":"auto","background-attachment":"scroll","background-type":"","background-media":"","overlay-type":"","overlay-color":"","overlay-opacity":"","overlay-gradient":""}}},"product_brand":[],"product_cat":[491,492,376,68],"product_tag":[355],"class_list":{"0":"post-16850","1":"product","2":"type-product","3":"status-publish","4":"has-post-thumbnail","6":"product_cat-flodesmatare-gas","7":"product_cat-flodesmatare-luft-tryckluft","8":"product_cat-gas","9":"product_cat-massflodesmatare","10":"product_tag-suto-itec","11":"desktop-align-left","12":"tablet-align-left","13":"mobile-align-left","14":"ast-product-gallery-layout-horizontal","15":"ast-product-gallery-with-no-image","16":"ast-product-tabs-layout-horizontal","18":"first","19":"instock","20":"shipping-taxable","21":"purchasable","22":"product-type-simple"},"acf":[],"_links":{"self":[{"href":"https:\/\/kompauto.com\/no\/wp-json\/wp\/v2\/product\/16850","targetHints":{"allow":["GET"]}}],"collection":[{"href":"https:\/\/kompauto.com\/no\/wp-json\/wp\/v2\/product"}],"about":[{"href":"https:\/\/kompauto.com\/no\/wp-json\/wp\/v2\/types\/product"}],"version-history":[{"count":4,"href":"https:\/\/kompauto.com\/no\/wp-json\/wp\/v2\/product\/16850\/revisions"}],"predecessor-version":[{"id":17516,"href":"https:\/\/kompauto.com\/no\/wp-json\/wp\/v2\/product\/16850\/revisions\/17516"}],"wp:featuredmedia":[{"embeddable":true,"href":"https:\/\/kompauto.com\/no\/wp-json\/wp\/v2\/media\/16879"}],"wp:attachment":[{"href":"https:\/\/kompauto.com\/no\/wp-json\/wp\/v2\/media?parent=16850"}],"wp:term":[{"taxonomy":"product_brand","embeddable":true,"href":"https:\/\/kompauto.com\/no\/wp-json\/wp\/v2\/product_brand?post=16850"},{"taxonomy":"product_cat","embeddable":true,"href":"https:\/\/kompauto.com\/no\/wp-json\/wp\/v2\/product_cat?post=16850"},{"taxonomy":"product_tag","embeddable":true,"href":"https:\/\/kompauto.com\/no\/wp-json\/wp\/v2\/product_tag?post=16850"}],"curies":[{"name":"wp","href":"https:\/\/api.w.org\/{rel}","templated":true}]}}