{"id":16189,"date":"2024-04-24T13:58:45","date_gmt":"2024-04-24T13:58:45","guid":{"rendered":"https:\/\/kompauto.com\/?post_type=product&#038;p=16189"},"modified":"2025-11-14T08:18:17","modified_gmt":"2025-11-14T08:18:17","slug":"senscell-sclt","status":"publish","type":"product","link":"https:\/\/kompauto.com\/no\/produkt\/senscell-sclt\/","title":{"rendered":"SensCell SCLT Nedsenkbar niv\u00e5sensor"},"content":{"rendered":"<p>V\u00e5re avanserte niv\u00e5m\u00e5lere er utviklet for n\u00f8yaktig niv\u00e5overv\u00e5king gjennom trykkm\u00e5ling av vanns\u00f8ylen i br\u00f8nner og trykkl\u00f8se tanker, og de er ideelle for drikkevann, avl\u00f8psvann og andre v\u00e6sker. Med ulike tilgjengelige versjoner kan du velge m\u00e5leomr\u00e5der fra 0 til 1, 2, 5, 10, 15, 20, 50, 100 eller 200 meter, noe som gj\u00f8r dem sv\u00e6rt fleksible for ulike bruksomr\u00e5der.<\/p>\n<p>Installasjonen er rask og enkel - det er bare \u00e5 senke sensoren ned i bunnen, s\u00e5 er den installert p\u00e5 f\u00e5 minutter, uten noe vanskelig monteringsarbeid. For enda st\u00f8rre tilpasning tilbyr vi en variant med HART-teknologi, som gj\u00f8r at du kan programmere dine egne m\u00e5leomr\u00e5der.<\/p>\n<p>Disse niv\u00e5m\u00e5lerne er p\u00e5litelige og brukervennlige, noe som gj\u00f8r dem til et uunnv\u00e6rlig verkt\u00f8y for effektiv overv\u00e5king av v\u00e6skeniv\u00e5er. Optimaliser v\u00e6skeoverv\u00e5kingen din med v\u00e5re h\u00f8ykvalitets niv\u00e5m\u00e5lere!<\/p>","protected":false},"excerpt":{"rendered":"<p>Niv\u00e5m\u00e5ling i br\u00f8nner og ikke trykksatte tanker<\/p>","protected":false},"featured_media":16193,"template":"","meta":{"_acf_changed":false,"content-type":"","site-sidebar-layout":"no-sidebar","site-content-layout":"page-builder","ast-site-content-layout":"full-width-container","site-content-style":"default","site-sidebar-style":"default","ast-global-header-display":"","ast-banner-title-visibility":"","ast-main-header-display":"","ast-hfb-above-header-display":"","ast-hfb-below-header-display":"","ast-hfb-mobile-header-display":"","site-post-title":"disabled","ast-breadcrumbs-content":"","ast-featured-img":"disabled","footer-sml-layout":"","theme-transparent-header-meta":"default","adv-header-id-meta":"","stick-header-meta":"","header-above-stick-meta":"","header-main-stick-meta":"","header-below-stick-meta":"","astra-migrate-meta-layouts":"set","ast-page-background-enabled":"default","ast-page-background-meta":{"desktop":{"background-color":"","background-image":"","background-repeat":"repeat","background-position":"center center","background-size":"auto","background-attachment":"scroll","background-type":"","background-media":"","overlay-type":"","overlay-color":"","overlay-opacity":"","overlay-gradient":""},"tablet":{"background-color":"","background-image":"","background-repeat":"repeat","background-position":"center center","background-size":"auto","background-attachment":"scroll","background-type":"","background-media":"","overlay-type":"","overlay-color":"","overlay-opacity":"","overlay-gradient":""},"mobile":{"background-color":"","background-image":"","background-repeat":"repeat","background-position":"center center","background-size":"auto","background-attachment":"scroll","background-type":"","background-media":"","overlay-type":"","overlay-color":"","overlay-opacity":"","overlay-gradient":""}},"ast-content-background-meta":{"desktop":{"background-color":"var(--ast-global-color-5)","background-image":"","background-repeat":"repeat","background-position":"center center","background-size":"auto","background-attachment":"scroll","background-type":"","background-media":"","overlay-type":"","overlay-color":"","overlay-opacity":"","overlay-gradient":""},"tablet":{"background-color":"var(--ast-global-color-5)","background-image":"","background-repeat":"repeat","background-position":"center center","background-size":"auto","background-attachment":"scroll","background-type":"","background-media":"","overlay-type":"","overlay-color":"","overlay-opacity":"","overlay-gradient":""},"mobile":{"background-color":"var(--ast-global-color-5)","background-image":"","background-repeat":"repeat","background-position":"center center","background-size":"auto","background-attachment":"scroll","background-type":"","background-media":"","overlay-type":"","overlay-color":"","overlay-opacity":"","overlay-gradient":""}}},"product_brand":[],"product_cat":[62],"product_tag":[],"class_list":{"0":"post-16189","1":"product","2":"type-product","3":"status-publish","4":"has-post-thumbnail","6":"product_cat-nivagivare","7":"desktop-align-left","8":"tablet-align-left","9":"mobile-align-left","10":"ast-product-gallery-layout-horizontal","11":"ast-product-gallery-with-no-image","12":"ast-product-tabs-layout-horizontal","14":"first","15":"instock","16":"shipping-taxable","17":"purchasable","18":"product-type-simple"},"acf":[],"_links":{"self":[{"href":"https:\/\/kompauto.com\/no\/wp-json\/wp\/v2\/product\/16189","targetHints":{"allow":["GET"]}}],"collection":[{"href":"https:\/\/kompauto.com\/no\/wp-json\/wp\/v2\/product"}],"about":[{"href":"https:\/\/kompauto.com\/no\/wp-json\/wp\/v2\/types\/product"}],"version-history":[{"count":1,"href":"https:\/\/kompauto.com\/no\/wp-json\/wp\/v2\/product\/16189\/revisions"}],"predecessor-version":[{"id":17956,"href":"https:\/\/kompauto.com\/no\/wp-json\/wp\/v2\/product\/16189\/revisions\/17956"}],"wp:featuredmedia":[{"embeddable":true,"href":"https:\/\/kompauto.com\/no\/wp-json\/wp\/v2\/media\/16193"}],"wp:attachment":[{"href":"https:\/\/kompauto.com\/no\/wp-json\/wp\/v2\/media?parent=16189"}],"wp:term":[{"taxonomy":"product_brand","embeddable":true,"href":"https:\/\/kompauto.com\/no\/wp-json\/wp\/v2\/product_brand?post=16189"},{"taxonomy":"product_cat","embeddable":true,"href":"https:\/\/kompauto.com\/no\/wp-json\/wp\/v2\/product_cat?post=16189"},{"taxonomy":"product_tag","embeddable":true,"href":"https:\/\/kompauto.com\/no\/wp-json\/wp\/v2\/product_tag?post=16189"}],"curies":[{"name":"wp","href":"https:\/\/api.w.org\/{rel}","templated":true}]}}