{"id":14416,"date":"2024-02-07T14:28:14","date_gmt":"2024-02-07T14:28:14","guid":{"rendered":"https:\/\/kompauto.com\/?post_type=product&#038;p=14416"},"modified":"2026-01-12T13:15:17","modified_gmt":"2026-01-12T13:15:17","slug":"alicat-m","status":"publish","type":"product","link":"https:\/\/kompauto.com\/no\/produkt\/alicat-m\/","title":{"rendered":"ALICAT M Massestr\u00f8mningsm\u00e5ler for luft og gasser"},"content":{"rendered":"<p>Alicat Scientifics massestr\u00f8mningsm\u00e5ler i M-serien er en av de raskeste massestr\u00f8mningsm\u00e5lerne p\u00e5 markedet med en responstid p\u00e5 bare 10 ms. Alle M-m\u00e5lere har 98 gasser og gassblandinger forh\u00e5ndsprogrammert som standard, noe som gj\u00f8r dem fleksible for en rekke bruksomr\u00e5der innen forskning og industrielle prosesser.<\/p>\n<p>Takket v\u00e6re differensialtrykkprinsippet kan m\u00e5lingen starte umiddelbart, uten oppvarmingstid. Gjennomstr\u00f8mningsm\u00e5leren kan installeres i alle posisjoner, uten behov for rette linjer f\u00f8r eller etter m\u00e5leren. Det brede m\u00e5leomr\u00e5det gj\u00f8r at samme m\u00e5ler kan brukes til b\u00e5de lav og h\u00f8y gjennomstr\u00f8mning med h\u00f8y n\u00f8yaktighet.<\/p>\n<p>Alle instrumentene viser massestr\u00f8m, volumstr\u00f8m, temperatur og trykk p\u00e5 displayet og via RS-232 som standard. Serien brukes i en lang rekke bransjer, for eksempel innen energi, milj\u00f8teknologi, medisinsk teknologi og produksjonsprosesser, der p\u00e5litelig m\u00e5ling av gasstr\u00f8m er avgj\u00f8rende.<\/p>","protected":false},"excerpt":{"rendered":"<p>Masseflowm\u00e5lere for luft og gasser<\/p>","protected":false},"featured_media":14042,"template":"","meta":{"_acf_changed":false,"content-type":"","site-sidebar-layout":"default","site-content-layout":"default","ast-site-content-layout":"default","site-content-style":"default","site-sidebar-style":"default","ast-global-header-display":"","ast-banner-title-visibility":"","ast-main-header-display":"","ast-hfb-above-header-display":"","ast-hfb-below-header-display":"","ast-hfb-mobile-header-display":"","site-post-title":"","ast-breadcrumbs-content":"","ast-featured-img":"","footer-sml-layout":"","theme-transparent-header-meta":"default","adv-header-id-meta":"","stick-header-meta":"default","header-above-stick-meta":"","header-main-stick-meta":"","header-below-stick-meta":"","astra-migrate-meta-layouts":"set","ast-page-background-enabled":"default","ast-page-background-meta":{"desktop":{"background-color":"","background-image":"","background-repeat":"repeat","background-position":"center center","background-size":"auto","background-attachment":"scroll","background-type":"","background-media":"","overlay-type":"","overlay-color":"","overlay-opacity":"","overlay-gradient":""},"tablet":{"background-color":"","background-image":"","background-repeat":"repeat","background-position":"center center","background-size":"auto","background-attachment":"scroll","background-type":"","background-media":"","overlay-type":"","overlay-color":"","overlay-opacity":"","overlay-gradient":""},"mobile":{"background-color":"","background-image":"","background-repeat":"repeat","background-position":"center center","background-size":"auto","background-attachment":"scroll","background-type":"","background-media":"","overlay-type":"","overlay-color":"","overlay-opacity":"","overlay-gradient":""}},"ast-content-background-meta":{"desktop":{"background-color":"var(--ast-global-color-5)","background-image":"","background-repeat":"repeat","background-position":"center center","background-size":"auto","background-attachment":"scroll","background-type":"","background-media":"","overlay-type":"","overlay-color":"","overlay-opacity":"","overlay-gradient":""},"tablet":{"background-color":"var(--ast-global-color-5)","background-image":"","background-repeat":"repeat","background-position":"center center","background-size":"auto","background-attachment":"scroll","background-type":"","background-media":"","overlay-type":"","overlay-color":"","overlay-opacity":"","overlay-gradient":""},"mobile":{"background-color":"var(--ast-global-color-5)","background-image":"","background-repeat":"repeat","background-position":"center center","background-size":"auto","background-attachment":"scroll","background-type":"","background-media":"","overlay-type":"","overlay-color":"","overlay-opacity":"","overlay-gradient":""}}},"product_brand":[],"product_cat":[68,491],"product_tag":[345],"class_list":{"0":"post-14416","1":"product","2":"type-product","3":"status-publish","4":"has-post-thumbnail","6":"product_cat-massflodesmatare","7":"product_cat-flodesmatare-gas","8":"product_tag-alicat-scientific","9":"desktop-align-left","10":"tablet-align-left","11":"mobile-align-left","12":"ast-product-gallery-layout-horizontal","13":"ast-product-gallery-with-no-image","14":"ast-product-tabs-layout-horizontal","16":"first","17":"instock","18":"sale","19":"shipping-taxable","20":"purchasable","21":"product-type-simple"},"acf":[],"_links":{"self":[{"href":"https:\/\/kompauto.com\/no\/wp-json\/wp\/v2\/product\/14416","targetHints":{"allow":["GET"]}}],"collection":[{"href":"https:\/\/kompauto.com\/no\/wp-json\/wp\/v2\/product"}],"about":[{"href":"https:\/\/kompauto.com\/no\/wp-json\/wp\/v2\/types\/product"}],"version-history":[{"count":3,"href":"https:\/\/kompauto.com\/no\/wp-json\/wp\/v2\/product\/14416\/revisions"}],"predecessor-version":[{"id":17846,"href":"https:\/\/kompauto.com\/no\/wp-json\/wp\/v2\/product\/14416\/revisions\/17846"}],"wp:featuredmedia":[{"embeddable":true,"href":"https:\/\/kompauto.com\/no\/wp-json\/wp\/v2\/media\/14042"}],"wp:attachment":[{"href":"https:\/\/kompauto.com\/no\/wp-json\/wp\/v2\/media?parent=14416"}],"wp:term":[{"taxonomy":"product_brand","embeddable":true,"href":"https:\/\/kompauto.com\/no\/wp-json\/wp\/v2\/product_brand?post=14416"},{"taxonomy":"product_cat","embeddable":true,"href":"https:\/\/kompauto.com\/no\/wp-json\/wp\/v2\/product_cat?post=14416"},{"taxonomy":"product_tag","embeddable":true,"href":"https:\/\/kompauto.com\/no\/wp-json\/wp\/v2\/product_tag?post=14416"}],"curies":[{"name":"wp","href":"https:\/\/api.w.org\/{rel}","templated":true}]}}