{"id":17961,"date":"2025-11-20T20:42:19","date_gmt":"2025-11-20T20:42:19","guid":{"rendered":"https:\/\/kompauto.com\/?page_id=17961"},"modified":"2026-01-13T11:58:06","modified_gmt":"2026-01-13T11:58:06","slug":"ledig-tjanst-teknisk-support","status":"publish","type":"page","link":"https:\/\/kompauto.com\/no\/ledig-tjanst-teknisk-support\/","title":{"rendered":"Ledig tj\u00e4nst &#8211; Teknisk support"},"content":{"rendered":"<div data-elementor-type=\"wp-page\" data-elementor-id=\"17961\" class=\"elementor elementor-17961\" data-elementor-post-type=\"page\">\n\t\t\t\t<div class=\"elementor-element elementor-element-1859d08 e-flex e-con-boxed e-con e-parent\" data-id=\"1859d08\" data-element_type=\"container\" data-e-type=\"container\">\n\t\t\t\t\t<div class=\"e-con-inner\">\n\t\t\t\t<div class=\"elementor-element elementor-element-69ac2a2 elementor-widget elementor-widget-heading\" data-id=\"69ac2a2\" data-element_type=\"widget\" data-e-type=\"widget\" data-widget_type=\"heading.default\">\n\t\t\t\t<div class=\"elementor-widget-container\">\n\t\t\t\t\t<h3 class=\"elementor-heading-title elementor-size-default\">Tj\u00e4nsten \u00e4r tillsatt - vi hittade en stj\u00e4rna \u2b50<\/h3>\t\t\t\t<\/div>\n\t\t\t\t<\/div>\n\t\t\t\t\t<\/div>\n\t\t\t\t<\/div>\n\t\t<div class=\"elementor-element elementor-element-e67cf66 e-flex e-con-boxed e-con e-parent\" data-id=\"e67cf66\" data-element_type=\"container\" data-e-type=\"container\">\n\t\t\t\t\t<div class=\"e-con-inner\">\n\t\t<div class=\"elementor-element elementor-element-722b3c2 e-con-full e-flex e-con e-child\" data-id=\"722b3c2\" data-element_type=\"container\" data-e-type=\"container\">\n\t\t\t\t<div class=\"elementor-element elementor-element-96bb31b elementor-widget elementor-widget-text-editor\" data-id=\"96bb31b\" data-element_type=\"widget\" data-e-type=\"widget\" data-widget_type=\"text-editor.default\">\n\t\t\t\t<div class=\"elementor-widget-container\">\n\t\t\t\t\t\t\t\t\t<p><span style=\"color: #999999;\"><em>Datum: 2026-01-13<\/em><\/span><\/p>\t\t\t\t\t\t\t\t<\/div>\n\t\t\t\t<\/div>\n\t\t\t\t<div class=\"elementor-element elementor-element-6b7f954 elementor-widget elementor-widget-text-editor\" data-id=\"6b7f954\" data-element_type=\"widget\" data-e-type=\"widget\" data-widget_type=\"text-editor.default\">\n\t\t\t\t<div class=\"elementor-widget-container\">\n\t\t\t\t\t\t\t\t\t<h5 data-start=\"147\" data-end=\"247\">Wow \u2013 vilket intresse!<\/h5><div>\u00a0<\/div><p data-start=\"147\" data-end=\"247\">Vi har nu tillsatt tj\u00e4nsten och n\u00e5gon annan hann f\u00f6re till kaffemaskinen <img decoding=\"async\" class=\"emoji\" role=\"img\" draggable=\"false\" src=\"https:\/\/s.w.org\/images\/core\/emoji\/17.0.2\/svg\/2615.svg\" alt=\"\u2615\ufe0f\" \/><\/p><p data-start=\"249\" data-end=\"449\">Stort tack till alla er som s\u00f6kte och tog er tid att h\u00f6ra av er. Vi har f\u00e5tt in m\u00e5nga riktigt bra ans\u00f6kningar, och \u00e4ven om just den h\u00e4r rollen nu \u00e4r upptagen, betyder det inte att t\u00e5get g\u00e5tt f\u00f6r gott.<\/p><p data-start=\"451\" data-end=\"574\">Kompauto v\u00e4xer vidare, s\u00e5 nya m\u00f6jligheter dyker upp fram\u00f6ver. H\u00e5ll g\u00e4rna ett \u00f6ga p\u00e5 oss \u2013 n\u00e4sta g\u00e5ng kanske det \u00e4r din tur.<\/p><p data-start=\"576\" data-end=\"619\">Tack f\u00f6r visat intresse och p\u00e5 \u00e5terh\u00f6rande!<\/p>\t\t\t\t\t\t\t\t<\/div>\n\t\t\t\t<\/div>\n\t\t\t\t<\/div>\n\t\t\t\t\t<\/div>\n\t\t\t\t<\/div>\n\t\t\t\t<\/div>","protected":false},"excerpt":{"rendered":"<p>Tj\u00e4nsten \u00e4r tillsatt &#8211; vi hittade en stj\u00e4rna \u2b50 Datum: 2026-01-13 Wow \u2013 vilket intresse! \u00a0 Vi har nu tillsatt tj\u00e4nsten och n\u00e5gon annan hann f\u00f6re till kaffemaskinen Stort tack till alla er som s\u00f6kte och tog er tid att h\u00f6ra av er. Vi har f\u00e5tt in m\u00e5nga riktigt bra ans\u00f6kningar, och \u00e4ven om just [&hellip;]<\/p>","protected":false},"author":3,"featured_media":0,"parent":0,"menu_order":0,"comment_status":"closed","ping_status":"closed","template":"","meta":{"_acf_changed":false,"content-type":"","site-sidebar-layout":"no-sidebar","site-content-layout":"page-builder","ast-site-content-layout":"full-width-container","site-content-style":"unboxed","site-sidebar-style":"unboxed","ast-global-header-display":"","ast-banner-title-visibility":"","ast-main-header-display":"","ast-hfb-above-header-display":"","ast-hfb-below-header-display":"","ast-hfb-mobile-header-display":"","site-post-title":"","ast-breadcrumbs-content":"","ast-featured-img":"disabled","footer-sml-layout":"","theme-transparent-header-meta":"default","adv-header-id-meta":"","stick-header-meta":"","header-above-stick-meta":"","header-main-stick-meta":"","header-below-stick-meta":"","astra-migrate-meta-layouts":"set","ast-page-background-enabled":"default","ast-page-background-meta":{"desktop":{"background-color":"","background-image":"","background-repeat":"repeat","background-position":"center center","background-size":"auto","background-attachment":"scroll","background-type":"","background-media":"","overlay-type":"","overlay-color":"","overlay-opacity":"","overlay-gradient":""},"tablet":{"background-color":"","background-image":"","background-repeat":"repeat","background-position":"center center","background-size":"auto","background-attachment":"scroll","background-type":"","background-media":"","overlay-type":"","overlay-color":"","overlay-opacity":"","overlay-gradient":""},"mobile":{"background-color":"","background-image":"","background-repeat":"repeat","background-position":"center center","background-size":"auto","background-attachment":"scroll","background-type":"","background-media":"","overlay-type":"","overlay-color":"","overlay-opacity":"","overlay-gradient":""}},"ast-content-background-meta":{"desktop":{"background-color":"var(--ast-global-color-5)","background-image":"","background-repeat":"repeat","background-position":"center center","background-size":"auto","background-attachment":"scroll","background-type":"","background-media":"","overlay-type":"","overlay-color":"","overlay-opacity":"","overlay-gradient":""},"tablet":{"background-color":"var(--ast-global-color-5)","background-image":"","background-repeat":"repeat","background-position":"center center","background-size":"auto","background-attachment":"scroll","background-type":"","background-media":"","overlay-type":"","overlay-color":"","overlay-opacity":"","overlay-gradient":""},"mobile":{"background-color":"var(--ast-global-color-5)","background-image":"","background-repeat":"repeat","background-position":"center center","background-size":"auto","background-attachment":"scroll","background-type":"","background-media":"","overlay-type":"","overlay-color":"","overlay-opacity":"","overlay-gradient":""}},"footnotes":""},"class_list":["post-17961","page","type-page","status-publish","hentry"],"acf":[],"_links":{"self":[{"href":"https:\/\/kompauto.com\/no\/wp-json\/wp\/v2\/pages\/17961","targetHints":{"allow":["GET"]}}],"collection":[{"href":"https:\/\/kompauto.com\/no\/wp-json\/wp\/v2\/pages"}],"about":[{"href":"https:\/\/kompauto.com\/no\/wp-json\/wp\/v2\/types\/page"}],"author":[{"embeddable":true,"href":"https:\/\/kompauto.com\/no\/wp-json\/wp\/v2\/users\/3"}],"replies":[{"embeddable":true,"href":"https:\/\/kompauto.com\/no\/wp-json\/wp\/v2\/comments?post=17961"}],"version-history":[{"count":67,"href":"https:\/\/kompauto.com\/no\/wp-json\/wp\/v2\/pages\/17961\/revisions"}],"predecessor-version":[{"id":18188,"href":"https:\/\/kompauto.com\/no\/wp-json\/wp\/v2\/pages\/17961\/revisions\/18188"}],"wp:attachment":[{"href":"https:\/\/kompauto.com\/no\/wp-json\/wp\/v2\/media?parent=17961"}],"curies":[{"name":"wp","href":"https:\/\/api.w.org\/{rel}","templated":true}]}}