{"id":16404,"date":"2024-06-10T06:22:14","date_gmt":"2024-06-10T06:22:14","guid":{"rendered":"https:\/\/kompauto.com\/?page_id=16404"},"modified":"2025-05-08T14:36:08","modified_gmt":"2025-05-08T14:36:08","slug":"service","status":"publish","type":"page","link":"https:\/\/kompauto.com\/no\/service\/","title":{"rendered":"Service"},"content":{"rendered":"<div data-elementor-type=\"wp-page\" data-elementor-id=\"16404\" class=\"elementor elementor-16404\" data-elementor-post-type=\"page\">\n\t\t\t\t\t\t<section class=\"elementor-section elementor-top-section elementor-element elementor-element-b9fc321 elementor-section-boxed elementor-section-height-default elementor-section-height-default\" data-id=\"b9fc321\" data-element_type=\"section\" data-e-type=\"section\">\n\t\t\t\t\t\t<div class=\"elementor-container elementor-column-gap-default\">\n\t\t\t\t\t<div class=\"elementor-column elementor-col-100 elementor-top-column elementor-element elementor-element-98653c1\" data-id=\"98653c1\" data-element_type=\"column\" data-e-type=\"column\">\n\t\t\t<div class=\"elementor-widget-wrap elementor-element-populated\">\n\t\t\t\t\t\t<div class=\"elementor-element elementor-element-8d842a4 elementor-widget elementor-widget-text-editor\" data-id=\"8d842a4\" data-element_type=\"widget\" data-e-type=\"widget\" data-widget_type=\"text-editor.default\">\n\t\t\t\t<div class=\"elementor-widget-container\">\n\t\t\t\t\t\t\t\t\t<h1>Sikre p\u00e5liteligheten og forleng levetiden til instrumentene dine med v\u00e5re servicetjenester<\/h1>\t\t\t\t\t\t\t\t<\/div>\n\t\t\t\t<\/div>\n\t\t\t\t\t<\/div>\n\t\t<\/div>\n\t\t\t\t\t<\/div>\n\t\t<\/section>\n\t\t\t\t<section class=\"elementor-section elementor-top-section elementor-element elementor-element-80bc9d6 elementor-section-boxed elementor-section-height-default elementor-section-height-default\" data-id=\"80bc9d6\" data-element_type=\"section\" data-e-type=\"section\">\n\t\t\t\t\t\t<div class=\"elementor-container elementor-column-gap-default\">\n\t\t\t\t\t<div class=\"elementor-column elementor-col-100 elementor-top-column elementor-element elementor-element-77b7412\" data-id=\"77b7412\" data-element_type=\"column\" data-e-type=\"column\">\n\t\t\t<div class=\"elementor-widget-wrap elementor-element-populated\">\n\t\t\t\t\t\t<section class=\"elementor-section elementor-inner-section elementor-element elementor-element-a26cdd4 elementor-section-boxed elementor-section-height-default elementor-section-height-default\" data-id=\"a26cdd4\" data-element_type=\"section\" data-e-type=\"section\">\n\t\t\t\t\t\t<div class=\"elementor-container elementor-column-gap-default\">\n\t\t\t\t\t<div class=\"elementor-column elementor-col-50 elementor-inner-column elementor-element elementor-element-0258bda\" data-id=\"0258bda\" data-element_type=\"column\" data-e-type=\"column\">\n\t\t\t<div class=\"elementor-widget-wrap elementor-element-populated\">\n\t\t\t\t\t\t<div class=\"elementor-element elementor-element-a320357 elementor-widget elementor-widget-text-editor\" data-id=\"a320357\" data-element_type=\"widget\" data-e-type=\"widget\" data-widget_type=\"text-editor.default\">\n\t\t\t\t<div class=\"elementor-widget-container\">\n\t\t\t\t\t\t\t\t\t<p data-sourcepos=\"3:1-3:58\">For \u00e5 sikre optimal ytelse og p\u00e5litelighet til utstyret ditt tilbyr vi en rekke servicetjenester for produktene vi leverer. Enten det er rekalibrering, reparasjoner, oppdateringer eller r\u00e5d, kan vi hjelpe deg med \u00e5 f\u00e5 mest mulig ut av investeringen din.<\/p><p data-sourcepos=\"5:1-5:121\">Et eksempel p\u00e5 en viktig tjeneste er rekalibrering. Regelmessig rekalibrering, vanligvis utf\u00f8rt i v\u00e5re produsenters autoriserte kalibreringslaboratorier, sikrer at utstyret ditt gir n\u00f8yaktige m\u00e5ledata. Dette er avgj\u00f8rende for \u00e5 sikre produksjonskvalitet, sporbarhet og samsvar med relevante standarder.<\/p><p data-sourcepos=\"7:1-7:95\">Vi tilbyr servicetjenester for et bredt spekter av instrumenter fra v\u00e5re ledende produsenter.\u00a0<span style=\"font-style: inherit; font-weight: inherit; background-color: var(--ast-global-color-5); color: var(--ast-global-color-3); text-decoration-line: initial;\">Les mer og registrer deg for serviceordre via respektive fabrikks tjenesteinformasjonsside ved \u00e5 klikke videre p\u00e5 h\u00f8ysiden.<\/span><\/p>\t\t\t\t\t\t\t\t<\/div>\n\t\t\t\t<\/div>\n\t\t\t\t\t<\/div>\n\t\t<\/div>\n\t\t\t\t<div class=\"elementor-column elementor-col-50 elementor-inner-column elementor-element elementor-element-5cc0a6b\" data-id=\"5cc0a6b\" data-element_type=\"column\" data-e-type=\"column\">\n\t\t\t<div class=\"elementor-widget-wrap elementor-element-populated\">\n\t\t\t\t\t\t<div class=\"elementor-element elementor-element-453cdee elementor-widget__width-initial elementor-widget elementor-widget-text-editor\" data-id=\"453cdee\" data-element_type=\"widget\" data-e-type=\"widget\" data-widget_type=\"text-editor.default\">\n\t\t\t\t<div class=\"elementor-widget-container\">\n\t\t\t\t\t\t\t\t\tKlikk videre p\u00e5 respektive fabrikat:\n<ul>\n \t<li>\n<h6><a href=\"https:\/\/kompauto.com\/no\/alicat-service\/\">Alicat Scientific<\/a><\/h6>\n<\/li>\n<\/ul>\t\t\t\t\t\t\t\t<\/div>\n\t\t\t\t<\/div>\n\t\t\t\t\t<\/div>\n\t\t<\/div>\n\t\t\t\t\t<\/div>\n\t\t<\/section>\n\t\t\t\t\t<\/div>\n\t\t<\/div>\n\t\t\t\t\t<\/div>\n\t\t<\/section>\n\t\t\t\t<section class=\"elementor-section elementor-top-section elementor-element elementor-element-f18dab2 elementor-section-boxed elementor-section-height-default elementor-section-height-default\" data-id=\"f18dab2\" data-element_type=\"section\" data-e-type=\"section\">\n\t\t\t\t\t\t<div class=\"elementor-container elementor-column-gap-default\">\n\t\t\t\t\t<div class=\"elementor-column elementor-col-100 elementor-top-column elementor-element elementor-element-c83a41a\" data-id=\"c83a41a\" data-element_type=\"column\" data-e-type=\"column\">\n\t\t\t<div class=\"elementor-widget-wrap elementor-element-populated\">\n\t\t\t\t\t\t\t<\/div>\n\t\t<\/div>\n\t\t\t\t\t<\/div>\n\t\t<\/section>\n\t\t\t\t<\/div>","protected":false},"excerpt":{"rendered":"<p>Sikre p\u00e5litelighet og forlenge levetiden til instrumentene dine med v\u00e5re tjenester For \u00e5 sikre optimal ytelse og p\u00e5litelighet for utstyret ditt, tilbyr vi en rekke tjenester for produktene vi leverer. Enten det dreier seg om rekalibrering, reparasjoner, oppdateringer eller r\u00e5dgivning, kan vi hjelpe deg med \u00e5 f\u00e5 mest mulig ut av investeringen din. A [...]<\/p>","protected":false},"author":3,"featured_media":0,"parent":0,"menu_order":0,"comment_status":"closed","ping_status":"closed","template":"","meta":{"_acf_changed":false,"content-type":"","site-sidebar-layout":"no-sidebar","site-content-layout":"page-builder","ast-site-content-layout":"full-width-container","site-content-style":"default","site-sidebar-style":"default","ast-global-header-display":"","ast-banner-title-visibility":"","ast-main-header-display":"","ast-hfb-above-header-display":"","ast-hfb-below-header-display":"","ast-hfb-mobile-header-display":"","site-post-title":"disabled","ast-breadcrumbs-content":"","ast-featured-img":"disabled","footer-sml-layout":"","theme-transparent-header-meta":"default","adv-header-id-meta":"","stick-header-meta":"","header-above-stick-meta":"","header-main-stick-meta":"","header-below-stick-meta":"","astra-migrate-meta-layouts":"set","ast-page-background-enabled":"default","ast-page-background-meta":{"desktop":{"background-color":"","background-image":"","background-repeat":"repeat","background-position":"center center","background-size":"auto","background-attachment":"scroll","background-type":"","background-media":"","overlay-type":"","overlay-color":"","overlay-opacity":"","overlay-gradient":""},"tablet":{"background-color":"","background-image":"","background-repeat":"repeat","background-position":"center center","background-size":"auto","background-attachment":"scroll","background-type":"","background-media":"","overlay-type":"","overlay-color":"","overlay-opacity":"","overlay-gradient":""},"mobile":{"background-color":"","background-image":"","background-repeat":"repeat","background-position":"center center","background-size":"auto","background-attachment":"scroll","background-type":"","background-media":"","overlay-type":"","overlay-color":"","overlay-opacity":"","overlay-gradient":""}},"ast-content-background-meta":{"desktop":{"background-color":"var(--ast-global-color-5)","background-image":"","background-repeat":"repeat","background-position":"center center","background-size":"auto","background-attachment":"scroll","background-type":"","background-media":"","overlay-type":"","overlay-color":"","overlay-opacity":"","overlay-gradient":""},"tablet":{"background-color":"var(--ast-global-color-5)","background-image":"","background-repeat":"repeat","background-position":"center center","background-size":"auto","background-attachment":"scroll","background-type":"","background-media":"","overlay-type":"","overlay-color":"","overlay-opacity":"","overlay-gradient":""},"mobile":{"background-color":"var(--ast-global-color-5)","background-image":"","background-repeat":"repeat","background-position":"center center","background-size":"auto","background-attachment":"scroll","background-type":"","background-media":"","overlay-type":"","overlay-color":"","overlay-opacity":"","overlay-gradient":""}},"footnotes":""},"class_list":["post-16404","page","type-page","status-publish","hentry"],"acf":[],"_links":{"self":[{"href":"https:\/\/kompauto.com\/no\/wp-json\/wp\/v2\/pages\/16404","targetHints":{"allow":["GET"]}}],"collection":[{"href":"https:\/\/kompauto.com\/no\/wp-json\/wp\/v2\/pages"}],"about":[{"href":"https:\/\/kompauto.com\/no\/wp-json\/wp\/v2\/types\/page"}],"author":[{"embeddable":true,"href":"https:\/\/kompauto.com\/no\/wp-json\/wp\/v2\/users\/3"}],"replies":[{"embeddable":true,"href":"https:\/\/kompauto.com\/no\/wp-json\/wp\/v2\/comments?post=16404"}],"version-history":[{"count":5,"href":"https:\/\/kompauto.com\/no\/wp-json\/wp\/v2\/pages\/16404\/revisions"}],"predecessor-version":[{"id":17768,"href":"https:\/\/kompauto.com\/no\/wp-json\/wp\/v2\/pages\/16404\/revisions\/17768"}],"wp:attachment":[{"href":"https:\/\/kompauto.com\/no\/wp-json\/wp\/v2\/media?parent=16404"}],"curies":[{"name":"wp","href":"https:\/\/api.w.org\/{rel}","templated":true}]}}