{"id":14955,"date":"2024-02-22T10:28:26","date_gmt":"2024-02-22T10:28:26","guid":{"rendered":"https:\/\/kompauto.com\/?page_id=14955"},"modified":"2024-02-22T11:23:53","modified_gmt":"2024-02-22T11:23:53","slug":"torketrommel","status":"publish","type":"page","link":"https:\/\/kompauto.com\/no\/torketrommel\/","title":{"rendered":"TORK - Magnetventiler, spjeldventiler og aktuatorer av ledende kvalitet og p\u00e5litelighet"},"content":{"rendered":"<div data-elementor-type=\"wp-page\" data-elementor-id=\"14955\" class=\"elementor elementor-14955\" data-elementor-post-type=\"page\">\n\t\t\t\t\t\t<section class=\"elementor-section elementor-top-section elementor-element elementor-element-5d9f1c8 elementor-section-boxed elementor-section-height-default elementor-section-height-default\" data-id=\"5d9f1c8\" data-element_type=\"section\" data-e-type=\"section\">\n\t\t\t\t\t\t<div class=\"elementor-container elementor-column-gap-default\">\n\t\t\t\t\t<div class=\"elementor-column elementor-col-100 elementor-top-column elementor-element elementor-element-4b6ad0d\" data-id=\"4b6ad0d\" data-element_type=\"column\" data-e-type=\"column\">\n\t\t\t<div class=\"elementor-widget-wrap elementor-element-populated\">\n\t\t\t\t\t\t<div class=\"elementor-element elementor-element-782cf3a elementor-widget elementor-widget-image\" data-id=\"782cf3a\" data-element_type=\"widget\" data-e-type=\"widget\" data-widget_type=\"image.default\">\n\t\t\t\t<div class=\"elementor-widget-container\">\n\t\t\t\t\t\t\t\t\t\t\t\t\t\t\t<img decoding=\"async\" width=\"300\" height=\"101\" src=\"https:\/\/kompauto.com\/wp-content\/uploads\/2024\/02\/smstork_logo-300x101.png\" class=\"attachment-medium size-medium wp-image-14959\" alt=\"Logo for t\u00f8rkeventil og automatisering med stilisert bl\u00e5 tekst p\u00e5 hvit bakgrunn.\" srcset=\"https:\/\/kompauto.com\/wp-content\/uploads\/2024\/02\/smstork_logo-300x101.png 300w, https:\/\/kompauto.com\/wp-content\/uploads\/2024\/02\/smstork_logo-1024x344.png 1024w, https:\/\/kompauto.com\/wp-content\/uploads\/2024\/02\/smstork_logo-768x258.png 768w, https:\/\/kompauto.com\/wp-content\/uploads\/2024\/02\/smstork_logo-1536x515.png 1536w, https:\/\/kompauto.com\/wp-content\/uploads\/2024\/02\/smstork_logo-18x6.png 18w, https:\/\/kompauto.com\/wp-content\/uploads\/2024\/02\/smstork_logo-400x134.png 400w, https:\/\/kompauto.com\/wp-content\/uploads\/2024\/02\/smstork_logo.png 1717w\" sizes=\"(max-width: 300px) 100vw, 300px\" \/>\t\t\t\t\t\t\t\t\t\t\t\t\t\t\t<\/div>\n\t\t\t\t<\/div>\n\t\t\t\t\t<\/div>\n\t\t<\/div>\n\t\t\t\t\t<\/div>\n\t\t<\/section>\n\t\t\t\t<section class=\"elementor-section elementor-top-section elementor-element elementor-element-0d404a3 elementor-section-boxed elementor-section-height-default elementor-section-height-default\" data-id=\"0d404a3\" data-element_type=\"section\" data-e-type=\"section\">\n\t\t\t\t\t\t<div class=\"elementor-container elementor-column-gap-default\">\n\t\t\t\t\t<div class=\"elementor-column elementor-col-100 elementor-top-column elementor-element elementor-element-c89e324\" data-id=\"c89e324\" data-element_type=\"column\" data-e-type=\"column\">\n\t\t\t<div class=\"elementor-widget-wrap elementor-element-populated\">\n\t\t\t\t\t\t<div class=\"elementor-element elementor-element-29da48f elementor-widget elementor-widget-heading\" data-id=\"29da48f\" data-element_type=\"widget\" data-e-type=\"widget\" data-widget_type=\"heading.default\">\n\t\t\t\t<div class=\"elementor-widget-container\">\n\t\t\t\t\t<h1 class=\"elementor-heading-title elementor-size-default\"><span style=\", sans-serif;font-size: 16px\">TORK - En p\u00e5litelig del av prosesser for avansert h\u00e5ndtering av v\u00e6sker, trykkluft og prosessgasser!<\/span><\/h1>\t\t\t\t<\/div>\n\t\t\t\t<\/div>\n\t\t\t\t\t<\/div>\n\t\t<\/div>\n\t\t\t\t\t<\/div>\n\t\t<\/section>\n\t\t\t\t<section class=\"elementor-section elementor-top-section elementor-element elementor-element-78a1d80 elementor-section-boxed elementor-section-height-default elementor-section-height-default\" data-id=\"78a1d80\" data-element_type=\"section\" data-e-type=\"section\">\n\t\t\t\t\t\t<div class=\"elementor-container elementor-column-gap-default\">\n\t\t\t\t\t<div class=\"elementor-column elementor-col-33 elementor-top-column elementor-element elementor-element-2b5a81e\" data-id=\"2b5a81e\" data-element_type=\"column\" data-e-type=\"column\">\n\t\t\t<div class=\"elementor-widget-wrap elementor-element-populated\">\n\t\t\t\t\t\t<div class=\"elementor-element elementor-element-e78cc76 elementor-widget elementor-widget-text-editor\" data-id=\"e78cc76\" data-element_type=\"widget\" data-e-type=\"widget\" data-widget_type=\"text-editor.default\">\n\t\t\t\t<div class=\"elementor-widget-container\">\n\t\t\t\t\t\t\t\t\t<p><span style=\"color: #1f1f1f; font-family: 'Google Sans', 'Helvetica Neue', sans-serif; white-space-collapse: preserve;\"><b>Informasjon om TORK <\/b><\/span><\/p><p><span style=\"color: #1f1f1f; font-family: 'Google Sans', 'Helvetica Neue', sans-serif; white-space-collapse: preserve;\">TORK er den ledende produsenten av magnetventiler,<\/span><span style=\"color: #1f1f1f; font-family: 'Google Sans', 'Helvetica Neue', sans-serif; white-space-collapse: preserve;\"> spjeldventiler og aktuatorer for prosessindustrien.<\/span><span style=\"color: #1f1f1f; font-family: 'Google Sans', 'Helvetica Neue', sans-serif; white-space-collapse: preserve;\"> Med over 40 \u00e5rs erfaring har vi en inng\u00e5ende forst\u00e5else av bransjens unike utfordringer og krav.<\/span><\/p><p><span style=\"color: #1f1f1f; font-family: 'Google Sans', 'Helvetica Neue', sans-serif; white-space-collapse: preserve;\">Vi tilbyr et bredt spekter av produkter og tjenester som er utviklet for \u00e5 optimalisere prosessen din,<\/span><span style=\"color: #1f1f1f; font-family: 'Google Sans', 'Helvetica Neue', sans-serif; white-space-collapse: preserve;\"> forbedre produktiviteten og \u00f8ke sikkerheten.<\/span><\/p>\t\t\t\t\t\t\t\t<\/div>\n\t\t\t\t<\/div>\n\t\t\t\t\t<\/div>\n\t\t<\/div>\n\t\t\t\t<div class=\"elementor-column elementor-col-33 elementor-top-column elementor-element elementor-element-d89b7f0\" data-id=\"d89b7f0\" data-element_type=\"column\" data-e-type=\"column\">\n\t\t\t<div class=\"elementor-widget-wrap elementor-element-populated\">\n\t\t\t\t\t\t<div class=\"elementor-element elementor-element-732f027 elementor-widget elementor-widget-text-editor\" data-id=\"732f027\" data-element_type=\"widget\" data-e-type=\"widget\" data-widget_type=\"text-editor.default\">\n\t\t\t\t<div class=\"elementor-widget-container\">\n\t\t\t\t\t\t\t\t\t<div><span style=\"color: #1f1f1f; font-family: Google Sans, Helvetica Neue, sans-serif;\"><b>Kort om TORKs ventilutvalg<\/b><\/span><\/div><ul style=\"margin-top: 4px; margin-bottom: 4px; margin-left: 0px; padding-inline-start: 1.125rem; color: #1f1f1f; font-family: 'Google Sans', 'Helvetica Neue', sans-serif; font-size: 16px; font-style: normal; font-weight: 400;\" data-sourcepos=\"7:1-7:33\"><li data-sourcepos=\"7:1-7:33\"><span style=\"font-weight: bold;\">TORK magnetventiler:<\/span>\u00a0Vi tilbyr et bredt utvalg av magnetventiler for ulike bruksomr\u00e5der, inkludert pneumatiske og hydrauliske systemer, vakuumsystemer samt gass- og v\u00e6skestr\u00f8mmer.<\/li><li data-sourcepos=\"8:1-8:213\"><span style=\"font-weight: bold;\">TORK Platespillerdemper:<\/span>\u00a0V\u00e5re spjeldventiler er konstruert for \u00e5 gi p\u00e5litelig og effektiv avstengning av v\u00e6ske- og gassstr\u00f8mmer. De er tilgjengelige i en rekke ulike materialer og st\u00f8rrelser for \u00e5 dekke dine spesifikke behov.<\/li><li data-sourcepos=\"9:1-9:78\"><span style=\"font-weight: bold;\">TORK-aktuatorer:<\/span>\u00a0Vi tilbyr et bredt utvalg av aktuatorer for styring av magnetventiler og spjeldventiler. TORK-aktuatorer er tilgjengelige i pneumatiske og elektriske versjoner for \u00e5 dekke spesifikke behov.<\/li><\/ul>\t\t\t\t\t\t\t\t<\/div>\n\t\t\t\t<\/div>\n\t\t\t\t\t<\/div>\n\t\t<\/div>\n\t\t\t\t<div class=\"elementor-column elementor-col-33 elementor-top-column elementor-element elementor-element-487fc0f\" data-id=\"487fc0f\" data-element_type=\"column\" data-e-type=\"column\">\n\t\t\t<div class=\"elementor-widget-wrap elementor-element-populated\">\n\t\t\t\t\t\t<div class=\"elementor-element elementor-element-f5d58be elementor-widget elementor-widget-text-editor\" data-id=\"f5d58be\" data-element_type=\"widget\" data-e-type=\"widget\" data-widget_type=\"text-editor.default\">\n\t\t\t\t<div class=\"elementor-widget-container\">\n\t\t\t\t\t\t\t\t\t<div><span style=\"color: #1f1f1f; font-family: Google Sans, Helvetica Neue, sans-serif;\"><b>Hvorfor velge Kompauto som leverand\u00f8r?<\/b><\/span><\/div><ul style=\"margin-top: 4px; margin-bottom: 4px; margin-left: 0px; padding-inline-start: 1.125rem; color: #1f1f1f; font-family: 'Google Sans', 'Helvetica Neue', sans-serif; font-size: 16px; font-style: normal; font-weight: 400;\" data-sourcepos=\"19:1-21:111\"><li data-sourcepos=\"19:1-19:126\"><span style=\"font-weight: bold;\">Kvalitet:<\/span>\u00a0Vi er stolte av \u00e5 kunne tilby produkter av h\u00f8yeste kvalitet som er konstruert for \u00e5 gi langvarig ytelse.<\/li><li data-sourcepos=\"20:1-20:152\"><span style=\"font-weight: bold;\">Innovasjon:<\/span>\u00a0Vi jobber kontinuerlig med innovasjon og utvikling av tilbudet og tjenestene v\u00e5re for \u00e5 m\u00f8te de stadig skiftende behovene i prosessindustrien.<\/li><li data-sourcepos=\"21:1-21:111\"><span style=\"font-weight: bold;\">P\u00e5litelighet:<\/span>\u00a0Vi er en p\u00e5litelig partner du kan stole p\u00e5 n\u00e5r det gjelder \u00e5 levere de produktene og tjenestene du trenger, n\u00e5r du trenger dem.<\/li><\/ul>\t\t\t\t\t\t\t\t<\/div>\n\t\t\t\t<\/div>\n\t\t\t\t\t<\/div>\n\t\t<\/div>\n\t\t\t\t\t<\/div>\n\t\t<\/section>\n\t\t\t\t<section class=\"elementor-section elementor-top-section elementor-element elementor-element-c699444 elementor-section-boxed elementor-section-height-default elementor-section-height-default\" data-id=\"c699444\" data-element_type=\"section\" data-e-type=\"section\">\n\t\t\t\t\t\t<div class=\"elementor-container elementor-column-gap-default\">\n\t\t\t\t\t<div class=\"elementor-column elementor-col-33 elementor-top-column elementor-element elementor-element-64775ca\" data-id=\"64775ca\" data-element_type=\"column\" data-e-type=\"column\">\n\t\t\t<div class=\"elementor-widget-wrap elementor-element-populated\">\n\t\t\t\t\t\t<div class=\"elementor-element elementor-element-35a2fc2 elementor-widget elementor-widget-image\" data-id=\"35a2fc2\" data-element_type=\"widget\" data-e-type=\"widget\" data-widget_type=\"image.default\">\n\t\t\t\t<div class=\"elementor-widget-container\">\n\t\t\t\t\t\t\t\t\t\t\t\t\t\t\t<img fetchpriority=\"high\" decoding=\"async\" width=\"993\" height=\"1024\" src=\"https:\/\/kompauto.com\/wp-content\/uploads\/2023\/10\/S3010-visning-993x1024.png\" class=\"attachment-large size-large wp-image-12246\" alt=\"En magnetventil med en tilkoblet elektrisk kontakt og et messinghus med gjenger i begge ender.\" srcset=\"https:\/\/kompauto.com\/wp-content\/uploads\/2023\/10\/S3010-visning-993x1024.png 993w, https:\/\/kompauto.com\/wp-content\/uploads\/2023\/10\/S3010-visning-400x412.png 400w, https:\/\/kompauto.com\/wp-content\/uploads\/2023\/10\/S3010-visning-291x300.png 291w, https:\/\/kompauto.com\/wp-content\/uploads\/2023\/10\/S3010-visning-768x792.png 768w, https:\/\/kompauto.com\/wp-content\/uploads\/2023\/10\/S3010-visning-12x12.png 12w, https:\/\/kompauto.com\/wp-content\/uploads\/2023\/10\/S3010-visning.png 1067w\" sizes=\"(max-width: 993px) 100vw, 993px\" \/>\t\t\t\t\t\t\t\t\t\t\t\t\t\t\t<\/div>\n\t\t\t\t<\/div>\n\t\t\t\t\t<\/div>\n\t\t<\/div>\n\t\t\t\t<div class=\"elementor-column elementor-col-33 elementor-top-column elementor-element elementor-element-e9bc6af\" data-id=\"e9bc6af\" data-element_type=\"column\" data-e-type=\"column\">\n\t\t\t<div class=\"elementor-widget-wrap elementor-element-populated\">\n\t\t\t\t\t\t<div class=\"elementor-element elementor-element-213ebc1 elementor-widget elementor-widget-image\" data-id=\"213ebc1\" data-element_type=\"widget\" data-e-type=\"widget\" data-widget_type=\"image.default\">\n\t\t\t\t<div class=\"elementor-widget-container\">\n\t\t\t\t\t\t\t\t\t\t\t\t\t\t\t<img decoding=\"async\" width=\"1024\" height=\"1024\" src=\"https:\/\/kompauto.com\/wp-content\/uploads\/2023\/11\/DA-Don-1024x1024.jpg\" class=\"attachment-large size-large wp-image-12321\" alt=\"En pneumatisk t\u00f8rketrommel med bl\u00e5tt lokk og en sentral kropp som viser spesifikasjoner og logoer p\u00e5 hvit bakgrunn.\" srcset=\"https:\/\/kompauto.com\/wp-content\/uploads\/2023\/11\/DA-Don-1024x1024.jpg 1024w, https:\/\/kompauto.com\/wp-content\/uploads\/2023\/11\/DA-Don-300x300.jpg 300w, https:\/\/kompauto.com\/wp-content\/uploads\/2023\/11\/DA-Don-100x100.jpg 100w, https:\/\/kompauto.com\/wp-content\/uploads\/2023\/11\/DA-Don-400x400.jpg 400w, https:\/\/kompauto.com\/wp-content\/uploads\/2023\/11\/DA-Don-150x150.jpg 150w, https:\/\/kompauto.com\/wp-content\/uploads\/2023\/11\/DA-Don-768x768.jpg 768w, https:\/\/kompauto.com\/wp-content\/uploads\/2023\/11\/DA-Don-12x12.jpg 12w, https:\/\/kompauto.com\/wp-content\/uploads\/2023\/11\/DA-Don.jpg 1200w\" sizes=\"(max-width: 1024px) 100vw, 1024px\" \/>\t\t\t\t\t\t\t\t\t\t\t\t\t\t\t<\/div>\n\t\t\t\t<\/div>\n\t\t\t\t\t<\/div>\n\t\t<\/div>\n\t\t\t\t<div class=\"elementor-column elementor-col-33 elementor-top-column elementor-element elementor-element-d3d30a0\" data-id=\"d3d30a0\" data-element_type=\"column\" data-e-type=\"column\">\n\t\t\t<div class=\"elementor-widget-wrap elementor-element-populated\">\n\t\t\t\t\t\t<div class=\"elementor-element elementor-element-32d2ff1 elementor-widget elementor-widget-image\" data-id=\"32d2ff1\" data-element_type=\"widget\" data-e-type=\"widget\" data-widget_type=\"image.default\">\n\t\t\t\t<div class=\"elementor-widget-container\">\n\t\t\t\t\t\t\t\t\t\t\t\t\t\t\t<img loading=\"lazy\" decoding=\"async\" width=\"750\" height=\"754\" src=\"https:\/\/kompauto.com\/wp-content\/uploads\/2024\/02\/pav802.jpg\" class=\"attachment-large size-large wp-image-14964\" alt=\"En bl\u00e5 industrispjeldventil med en s\u00f8lvfarget metallisk skive og en p\u00e5montert gr\u00e5 og bl\u00e5 aktuator.\" srcset=\"https:\/\/kompauto.com\/wp-content\/uploads\/2024\/02\/pav802.jpg 750w, https:\/\/kompauto.com\/wp-content\/uploads\/2024\/02\/pav802-298x300.jpg 298w, https:\/\/kompauto.com\/wp-content\/uploads\/2024\/02\/pav802-150x150.jpg 150w, https:\/\/kompauto.com\/wp-content\/uploads\/2024\/02\/pav802-12x12.jpg 12w, https:\/\/kompauto.com\/wp-content\/uploads\/2024\/02\/pav802-400x402.jpg 400w, https:\/\/kompauto.com\/wp-content\/uploads\/2024\/02\/pav802-100x100.jpg 100w\" sizes=\"(max-width: 750px) 100vw, 750px\" \/>\t\t\t\t\t\t\t\t\t\t\t\t\t\t\t<\/div>\n\t\t\t\t<\/div>\n\t\t\t\t\t<\/div>\n\t\t<\/div>\n\t\t\t\t\t<\/div>\n\t\t<\/section>\n\t\t\t\t<section class=\"elementor-section elementor-top-section elementor-element elementor-element-485a639 elementor-section-boxed elementor-section-height-default elementor-section-height-default\" data-id=\"485a639\" data-element_type=\"section\" data-e-type=\"section\">\n\t\t\t\t\t\t<div class=\"elementor-container elementor-column-gap-default\">\n\t\t\t\t\t<div class=\"elementor-column elementor-col-100 elementor-top-column elementor-element elementor-element-1214eb7\" data-id=\"1214eb7\" data-element_type=\"column\" data-e-type=\"column\">\n\t\t\t<div class=\"elementor-widget-wrap elementor-element-populated\">\n\t\t\t\t\t\t<div class=\"elementor-element elementor-element-d79424f elementor-widget elementor-widget-text-editor\" data-id=\"d79424f\" data-element_type=\"widget\" data-e-type=\"widget\" data-widget_type=\"text-editor.default\">\n\t\t\t\t<div class=\"elementor-widget-container\">\n\t\t\t\t\t\t\t\t\t<p class=\"elementor-heading-title elementor-size-default elementor-inline-editing pen\" style=\"font-style: normal; margin-bottom: 0px;\" data-elementor-setting-key=\"title\" data-pen-placeholder=\"Type Here...\">Kontakt oss ved \u00e5 fylle ut sp\u00f8rsm\u00e5let eller behovet ditt her, s\u00e5 kontakter vi deg:<\/p>\t\t\t\t\t\t\t\t<\/div>\n\t\t\t\t<\/div>\n\t\t\t\t\t<\/div>\n\t\t<\/div>\n\t\t\t\t\t<\/div>\n\t\t<\/section>\n\t\t\t\t<section class=\"elementor-section elementor-top-section elementor-element elementor-element-1608d95 elementor-section-boxed elementor-section-height-default elementor-section-height-default\" data-id=\"1608d95\" data-element_type=\"section\" data-e-type=\"section\">\n\t\t\t\t\t\t<div class=\"elementor-container elementor-column-gap-default\">\n\t\t\t\t\t<div class=\"elementor-column elementor-col-100 elementor-top-column elementor-element elementor-element-50a2d94\" data-id=\"50a2d94\" data-element_type=\"column\" data-e-type=\"column\">\n\t\t\t<div class=\"elementor-widget-wrap elementor-element-populated\">\n\t\t\t\t\t\t<div class=\"elementor-element elementor-element-12726b1 elementor-widget elementor-widget-html\" data-id=\"12726b1\" data-element_type=\"widget\" data-e-type=\"widget\" data-widget_type=\"html.default\">\n\t\t\t\t<div class=\"elementor-widget-container\">\n\t\t\t\t\t<script charset=\"utf-8\" type=\"text\/javascript\" src=\"\/\/js-eu1.hsforms.net\/forms\/embed\/v2.js\"><\/script>\n<script>\n  hbspt.forms.create({\n    region: \"eu1\",\n    portalId: \"26820670\",\n    formId: \"b1d440b5-5b6e-4215-9b9e-bfe4f5ce73f6\"\n  });\n<\/script>\t\t\t\t<\/div>\n\t\t\t\t<\/div>\n\t\t\t\t\t<\/div>\n\t\t<\/div>\n\t\t\t\t\t<\/div>\n\t\t<\/section>\n\t\t\t\t<section class=\"elementor-section elementor-top-section elementor-element elementor-element-386a39e elementor-section-boxed elementor-section-height-default elementor-section-height-default\" data-id=\"386a39e\" data-element_type=\"section\" data-e-type=\"section\">\n\t\t\t\t\t\t<div class=\"elementor-container elementor-column-gap-default\">\n\t\t\t\t\t<div class=\"elementor-column elementor-col-100 elementor-top-column elementor-element elementor-element-4d0dcc6\" data-id=\"4d0dcc6\" data-element_type=\"column\" data-e-type=\"column\">\n\t\t\t<div class=\"elementor-widget-wrap elementor-element-populated\">\n\t\t\t\t\t\t<div class=\"elementor-element elementor-element-0cb99c4 elementor-widget elementor-widget-image\" data-id=\"0cb99c4\" data-element_type=\"widget\" data-e-type=\"widget\" data-widget_type=\"image.default\">\n\t\t\t\t<div class=\"elementor-widget-container\">\n\t\t\t\t\t\t\t\t\t\t\t\t\t\t\t<img loading=\"lazy\" decoding=\"async\" width=\"1024\" height=\"366\" src=\"https:\/\/kompauto.com\/wp-content\/uploads\/2024\/02\/tork-ad-web-1024x366.jpg\" class=\"attachment-large size-large wp-image-14982\" alt=\"Industriventiler og automatiseringsutstyr mot en m\u00f8rk bakgrunn med tekstdetaljer for t\u00f8rketrommel- og kombiautomatikkmerker.\" srcset=\"https:\/\/kompauto.com\/wp-content\/uploads\/2024\/02\/tork-ad-web-1024x366.jpg 1024w, https:\/\/kompauto.com\/wp-content\/uploads\/2024\/02\/tork-ad-web-300x107.jpg 300w, https:\/\/kompauto.com\/wp-content\/uploads\/2024\/02\/tork-ad-web-768x274.jpg 768w, https:\/\/kompauto.com\/wp-content\/uploads\/2024\/02\/tork-ad-web-1536x548.jpg 1536w, https:\/\/kompauto.com\/wp-content\/uploads\/2024\/02\/tork-ad-web-2048x731.jpg 2048w, https:\/\/kompauto.com\/wp-content\/uploads\/2024\/02\/tork-ad-web-18x6.jpg 18w, https:\/\/kompauto.com\/wp-content\/uploads\/2024\/02\/tork-ad-web-400x143.jpg 400w\" sizes=\"(max-width: 1024px) 100vw, 1024px\" \/>\t\t\t\t\t\t\t\t\t\t\t\t\t\t\t<\/div>\n\t\t\t\t<\/div>\n\t\t\t\t\t<\/div>\n\t\t<\/div>\n\t\t\t\t\t<\/div>\n\t\t<\/section>\n\t\t\t\t<\/div>","protected":false},"excerpt":{"rendered":"<p>TORK - En p\u00e5litelig del av prosesser for avansert h\u00e5ndtering av v\u00e6sker, trykkluft og prosessgasser! Om TORK TORK er den ledende produsenten av magnetventiler, spjeldventiler og aktuatorer til prosessindustrien. Med over 40 \u00e5rs erfaring har vi en inng\u00e5ende forst\u00e5else av de unike utfordringene og kravene som stilles i industrien. Vi tilbyr et bredt utvalg av [...]<\/p>","protected":false},"author":3,"featured_media":0,"parent":0,"menu_order":0,"comment_status":"closed","ping_status":"closed","template":"","meta":{"_acf_changed":false,"content-type":"","site-sidebar-layout":"no-sidebar","site-content-layout":"page-builder","ast-site-content-layout":"full-width-container","site-content-style":"unboxed","site-sidebar-style":"unboxed","ast-global-header-display":"","ast-banner-title-visibility":"","ast-main-header-display":"","ast-hfb-above-header-display":"","ast-hfb-below-header-display":"","ast-hfb-mobile-header-display":"","site-post-title":"disabled","ast-breadcrumbs-content":"","ast-featured-img":"disabled","footer-sml-layout":"","theme-transparent-header-meta":"default","adv-header-id-meta":"","stick-header-meta":"","header-above-stick-meta":"","header-main-stick-meta":"","header-below-stick-meta":"","astra-migrate-meta-layouts":"set","ast-page-background-enabled":"default","ast-page-background-meta":{"desktop":{"background-color":"","background-image":"","background-repeat":"repeat","background-position":"center center","background-size":"auto","background-attachment":"scroll","background-type":"","background-media":"","overlay-type":"","overlay-color":"","overlay-opacity":"","overlay-gradient":""},"tablet":{"background-color":"","background-image":"","background-repeat":"repeat","background-position":"center center","background-size":"auto","background-attachment":"scroll","background-type":"","background-media":"","overlay-type":"","overlay-color":"","overlay-opacity":"","overlay-gradient":""},"mobile":{"background-color":"","background-image":"","background-repeat":"repeat","background-position":"center center","background-size":"auto","background-attachment":"scroll","background-type":"","background-media":"","overlay-type":"","overlay-color":"","overlay-opacity":"","overlay-gradient":""}},"ast-content-background-meta":{"desktop":{"background-color":"var(--ast-global-color-5)","background-image":"","background-repeat":"repeat","background-position":"center center","background-size":"auto","background-attachment":"scroll","background-type":"","background-media":"","overlay-type":"","overlay-color":"","overlay-opacity":"","overlay-gradient":""},"tablet":{"background-color":"var(--ast-global-color-5)","background-image":"","background-repeat":"repeat","background-position":"center center","background-size":"auto","background-attachment":"scroll","background-type":"","background-media":"","overlay-type":"","overlay-color":"","overlay-opacity":"","overlay-gradient":""},"mobile":{"background-color":"var(--ast-global-color-5)","background-image":"","background-repeat":"repeat","background-position":"center center","background-size":"auto","background-attachment":"scroll","background-type":"","background-media":"","overlay-type":"","overlay-color":"","overlay-opacity":"","overlay-gradient":""}},"footnotes":""},"class_list":["post-14955","page","type-page","status-publish","hentry"],"acf":[],"_links":{"self":[{"href":"https:\/\/kompauto.com\/no\/wp-json\/wp\/v2\/pages\/14955","targetHints":{"allow":["GET"]}}],"collection":[{"href":"https:\/\/kompauto.com\/no\/wp-json\/wp\/v2\/pages"}],"about":[{"href":"https:\/\/kompauto.com\/no\/wp-json\/wp\/v2\/types\/page"}],"author":[{"embeddable":true,"href":"https:\/\/kompauto.com\/no\/wp-json\/wp\/v2\/users\/3"}],"replies":[{"embeddable":true,"href":"https:\/\/kompauto.com\/no\/wp-json\/wp\/v2\/comments?post=14955"}],"version-history":[{"count":0,"href":"https:\/\/kompauto.com\/no\/wp-json\/wp\/v2\/pages\/14955\/revisions"}],"wp:attachment":[{"href":"https:\/\/kompauto.com\/no\/wp-json\/wp\/v2\/media?parent=14955"}],"curies":[{"name":"wp","href":"https:\/\/api.w.org\/{rel}","templated":true}]}}